{"id":984,"date":"2013-09-25T12:10:38","date_gmt":"2013-09-25T10:10:38","guid":{"rendered":"http:\/\/www.magicland-theatre.com\/wordpress\/?page_id=984"},"modified":"2022-10-13T11:13:29","modified_gmt":"2022-10-13T09:13:29","slug":"juan-marquez-garcia","status":"publish","type":"page","link":"https:\/\/www.magicland-theatre.com\/wordpress\/juan-marquez-garcia\/","title":{"rendered":"Juan Marquez Garcia"},"content":{"rendered":"<p>[et_pb_section fb_built=\u00a0\u00bb1&Prime; admin_label=\u00a0\u00bbsection\u00a0\u00bb _builder_version=\u00a0\u00bb4.16&Prime; global_colors_info=\u00a0\u00bb{}\u00a0\u00bb][et_pb_row admin_label=\u00a0\u00bbrow\u00a0\u00bb _builder_version=\u00a0\u00bb4.16&Prime; background_size=\u00a0\u00bbinitial\u00a0\u00bb background_position=\u00a0\u00bbtop_left\u00a0\u00bb background_repeat=\u00a0\u00bbrepeat\u00a0\u00bb global_colors_info=\u00a0\u00bb{}\u00a0\u00bb][et_pb_column type=\u00a0\u00bb4_4&Prime; _builder_version=\u00a0\u00bb4.16&Prime; custom_padding=\u00a0\u00bb|||\u00a0\u00bb global_colors_info=\u00a0\u00bb{}\u00a0\u00bb custom_padding__hover=\u00a0\u00bb|||\u00a0\u00bb][et_pb_text admin_label=\u00a0\u00bbTexte\u00a0\u00bb _builder_version=\u00a0\u00bb4.16&Prime; background_size=\u00a0\u00bbinitial\u00a0\u00bb background_position=\u00a0\u00bbtop_left\u00a0\u00bb background_repeat=\u00a0\u00bbrepeat\u00a0\u00bb use_border_color=\u00a0\u00bboff\u00a0\u00bb border_color=\u00a0\u00bb#ffffff\u00a0\u00bb border_style=\u00a0\u00bbsolid\u00a0\u00bb global_colors_info=\u00a0\u00bb{}\u00a0\u00bb]<\/p>\n<h2>Juan Marquez Garcia<\/h2>\n<p>N\u00e9 au d\u00e9but des ann\u00e9es 70, tr\u00e8s vite le petit Juan Marquez d\u00e9cide de devenir plus tard cascadeur ou arch\u00e9ologue. Trouvant la premi\u00e8re solution trop dangereuse et la deuxi\u00e8me trop risqu\u00e9e pour son asthme, il d\u00e9cide tout naturellement de se diriger vers le m\u00e9tier de com\u00e9dien. Apr\u00e8s des \u00e9tudes priv\u00e9es d&rsquo;art dramatique, Juan Marquez fait des d\u00e9buts t\u00e2tonnants dans diff\u00e9rents styles : Moli\u00e8re, Barrie, Genet, Carroll, Carri\u00e8re et j&rsquo;en passe. M\u00eame son fr\u00e8re, romancier \u00e0 ses heures, ira jusqu&rsquo;\u00e0 lui proposer \u00ab\u00a0L&rsquo;innocent\u00a0\u00bb<i>, <\/i>un monologue qui m\u00eale sensibilit\u00e9, drame et humour. Mais c&rsquo;est surtout dans le comique que Juan Marquez se sent le plus \u00e0 l&rsquo;aise. Et c\u2019est gr\u00e2ce \u00e0 plusieurs cr\u00e9ations pour le th\u00e9\u00e2tre jeune public comme \u00ab\u00a0Genesis\u00a0\u00bb ou \u00ab\u00a0La plan\u00e8te bleue\u00a0sera\u00a0\u00bb qu&rsquo;il trouvera v\u00e9ritablement ses marques. Mais c&rsquo;est surtout au sein du Magic Land Th\u00e9\u00e2tre que sa vocation d&rsquo;acteur comique prendra tout son sens.\u00a0 Avec cette joyeuse \u00e9quipe, il se forme \u00e0 la difficile mais merveilleuse discipline du th\u00e9\u00e2tre de rue.\u00a0 Il fait ses d\u00e9buts sur sc\u00e8ne dans \u00ab\u00a0le Magic land r\u00e8gle ses contes\u00a0\u00bb avant d\u2019encha\u00eener lui aussi avec \u00ab\u00a0Erreur de gen\u00e8se\u00a0\u00bb, depuis il a particip\u00e9 \u00e0 de nombreuses cr\u00e9ations de la compagnie.<br \/>\n[\/et_pb_text][et_pb_gallery gallery_ids=\u00a0\u00bb801,782,292,803,807,795,783,780&Prime; fullwidth=\u00a0\u00bbon\u00a0\u00bb admin_label=\u00a0\u00bbGalerie\u00a0\u00bb _builder_version=\u00a0\u00bb4.18.0&Prime; caption_all_caps=\u00a0\u00bboff\u00a0\u00bb hover_enabled=\u00a0\u00bb0&Prime; use_border_color=\u00a0\u00bboff\u00a0\u00bb border_color=\u00a0\u00bb#ffffff\u00a0\u00bb border_style=\u00a0\u00bbsolid\u00a0\u00bb global_colors_info=\u00a0\u00bb{}\u00a0\u00bb sticky_enabled=\u00a0\u00bb0&Prime;] [\/et_pb_gallery][\/et_pb_column][\/et_pb_row][\/et_pb_section]<\/p>\n","protected":false},"excerpt":{"rendered":"<p>Juan Marquez Garcia N\u00e9 au d\u00e9but des ann\u00e9es 70, tr\u00e8s vite le petit Juan Marquez d\u00e9cide de devenir plus tard cascadeur ou arch\u00e9ologue. Trouvant la premi\u00e8re solution trop dangereuse et [&hellip;]<\/p>\n","protected":false},"author":2,"featured_media":0,"parent":0,"menu_order":0,"comment_status":"closed","ping_status":"open","template":"","meta":{"_et_pb_use_builder":"on","_et_pb_old_content":"<p>N\u00e9 au d\u00e9but des ann\u00e9es 70, tr\u00e8s vite le petit Juan Marquez d\u00e9cide de devenir plus tard cascadeur ou arch\u00e9ologue. Trouvant la premi\u00e8re solution trop dangereuse et la deuxi\u00e8me trop risqu\u00e9e pour son asthme, il d\u00e9cide tout naturellement de se diriger vers le m\u00e9tier de com\u00e9dien. Apr\u00e8s des \u00e9tudes priv\u00e9es d'art dramatique, Juan Marquez fait des d\u00e9buts t\u00e2tonnants dans diff\u00e9rents styles : Moli\u00e8re, Barrie, Genet, Carroll, Carri\u00e8re et j'en passe. M\u00eame son fr\u00e8re, romancier \u00e0 ses heures, ira jusqu'\u00e0 lui proposer \u00ab\u00a0L'innocent\u00a0\u00bb<i>, <\/i>un monologue qui m\u00eale sensibilit\u00e9, drame et humour. Mais c'est surtout dans le comique que Juan Marquez se sent le plus \u00e0 l'aise. Et c\u2019est gr\u00e2ce \u00e0 plusieurs cr\u00e9ations pour le th\u00e9\u00e2tre jeune public comme \u00ab\u00a0Genesis\u00a0\u00bb ou \u00ab\u00a0La plan\u00e8te bleue\u00a0sera\u00a0\u00bb qu'il trouvera v\u00e9ritablement ses marques. Mais c'est surtout au sein du Magic Land Th\u00e9\u00e2tre que sa vocation d'acteur comique prendra tout son sens.\u00a0 Avec cette joyeuse \u00e9quipe, il se forme \u00e0 la difficile mais merveilleuse discipline du th\u00e9\u00e2tre de rue.\u00a0 Il fait ses d\u00e9buts sur sc\u00e8ne dans \u00ab\u00a0le Magic land r\u00e8gle ses contes\u00a0\u00bb avant d\u2019encha\u00eener lui aussi avec \u00ab\u00a0Erreur de gen\u00e8se\u00a0\u00bb, depuis il a particip\u00e9 \u00e0 de nombreuses cr\u00e9ations de la compagnie.<\/p><p>[gallery columns=\"6\" ids=\"807,803,801,795,783,782,675,292\"]<\/p>","_et_gb_content_width":"","footnotes":""},"class_list":["post-984","page","type-page","status-publish","hentry"],"yoast_head":"<!-- This site is optimized with the Yoast SEO plugin v26.6 - https:\/\/yoast.com\/wordpress\/plugins\/seo\/ -->\n<title>Juan Marquez Garcia<\/title>\n<meta name=\"robots\" content=\"index, follow, max-snippet:-1, max-image-preview:large, max-video-preview:-1\" \/>\n<link rel=\"canonical\" href=\"https:\/\/www.magicland-theatre.com\/wordpress\/juan-marquez-garcia\/\" \/>\n<meta property=\"og:locale\" content=\"fr_FR\" \/>\n<meta property=\"og:type\" content=\"article\" \/>\n<meta property=\"og:title\" content=\"Juan Marquez Garcia\" \/>\n<meta property=\"og:url\" content=\"https:\/\/www.magicland-theatre.com\/wordpress\/juan-marquez-garcia\/\" \/>\n<meta property=\"og:site_name\" content=\"Le Magic Land Th\u00e9\u00e2tre\" \/>\n<meta property=\"article:publisher\" content=\"https:\/\/www.facebook.com\/magicland.mlt\/\" \/>\n<meta property=\"article:modified_time\" content=\"2022-10-13T09:13:29+00:00\" \/>\n<meta property=\"og:image\" content=\"https:\/\/www.magicland-theatre.com\/wordpress\/wp-content\/uploads\/2013\/05\/logo-debout.jpg\" \/>\n\t<meta property=\"og:image:width\" content=\"591\" \/>\n\t<meta property=\"og:image:height\" content=\"843\" \/>\n\t<meta property=\"og:image:type\" content=\"image\/jpeg\" \/>\n<meta name=\"twitter:card\" content=\"summary_large_image\" \/>\n<meta name=\"twitter:site\" content=\"@MagicLandMlt\" \/>\n<meta name=\"twitter:label1\" content=\"Dur\u00e9e de lecture estim\u00e9e\" \/>\n\t<meta name=\"twitter:data1\" content=\"2 minutes\" \/>\n<script type=\"application\/ld+json\" class=\"yoast-schema-graph\">{\"@context\":\"https:\/\/schema.org\",\"@graph\":[{\"@type\":\"WebPage\",\"@id\":\"https:\/\/www.magicland-theatre.com\/wordpress\/juan-marquez-garcia\/\",\"url\":\"https:\/\/www.magicland-theatre.com\/wordpress\/juan-marquez-garcia\/\",\"name\":\"Juan Marquez Garcia\",\"isPartOf\":{\"@id\":\"https:\/\/www.magicland-theatre.com\/wordpress\/#website\"},\"datePublished\":\"2013-09-25T10:10:38+00:00\",\"dateModified\":\"2022-10-13T09:13:29+00:00\",\"breadcrumb\":{\"@id\":\"https:\/\/www.magicland-theatre.com\/wordpress\/juan-marquez-garcia\/#breadcrumb\"},\"inLanguage\":\"fr-FR\",\"potentialAction\":[{\"@type\":\"ReadAction\",\"target\":[\"https:\/\/www.magicland-theatre.com\/wordpress\/juan-marquez-garcia\/\"]}]},{\"@type\":\"BreadcrumbList\",\"@id\":\"https:\/\/www.magicland-theatre.com\/wordpress\/juan-marquez-garcia\/#breadcrumb\",\"itemListElement\":[{\"@type\":\"ListItem\",\"position\":1,\"name\":\"Homepage\",\"item\":\"https:\/\/www.magicland-theatre.com\/wordpress\/\"},{\"@type\":\"ListItem\",\"position\":2,\"name\":\"Juan Marquez Garcia\"}]},{\"@type\":\"WebSite\",\"@id\":\"https:\/\/www.magicland-theatre.com\/wordpress\/#website\",\"url\":\"https:\/\/www.magicland-theatre.com\/wordpress\/\",\"name\":\"Le Magic Land Th\u00e9\u00e2tre\",\"description\":\"Une seule devise : le rire !\",\"publisher\":{\"@id\":\"https:\/\/www.magicland-theatre.com\/wordpress\/#organization\"},\"potentialAction\":[{\"@type\":\"SearchAction\",\"target\":{\"@type\":\"EntryPoint\",\"urlTemplate\":\"https:\/\/www.magicland-theatre.com\/wordpress\/?s={search_term_string}\"},\"query-input\":{\"@type\":\"PropertyValueSpecification\",\"valueRequired\":true,\"valueName\":\"search_term_string\"}}],\"inLanguage\":\"fr-FR\"},{\"@type\":\"Organization\",\"@id\":\"https:\/\/www.magicland-theatre.com\/wordpress\/#organization\",\"name\":\"Le Magic Land Th\u00e9\u00e2tre\",\"url\":\"https:\/\/www.magicland-theatre.com\/wordpress\/\",\"logo\":{\"@type\":\"ImageObject\",\"inLanguage\":\"fr-FR\",\"@id\":\"https:\/\/www.magicland-theatre.com\/wordpress\/#\/schema\/logo\/image\/\",\"url\":\"https:\/\/www.magicland-theatre.com\/wordpress\/wp-content\/uploads\/2013\/05\/logo-debout.jpg\",\"contentUrl\":\"https:\/\/www.magicland-theatre.com\/wordpress\/wp-content\/uploads\/2013\/05\/logo-debout.jpg\",\"width\":591,\"height\":843,\"caption\":\"Le Magic Land Th\u00e9\u00e2tre\"},\"image\":{\"@id\":\"https:\/\/www.magicland-theatre.com\/wordpress\/#\/schema\/logo\/image\/\"},\"sameAs\":[\"https:\/\/www.facebook.com\/magicland.mlt\/\",\"https:\/\/x.com\/MagicLandMlt\",\"https:\/\/www.instagram.com\/magiclandtheatre\/\",\"https:\/\/www.linkedin.com\/in\/magic-land-thtre-35a04a6a?trk=hp-identity-name\",\"https:\/\/www.youtube.com\/channel\/UCh1EgBwX4wwlnXsK4xQXBEw\"]}]}<\/script>\n<!-- \/ Yoast SEO plugin. -->","yoast_head_json":{"title":"Juan Marquez Garcia","robots":{"index":"index","follow":"follow","max-snippet":"max-snippet:-1","max-image-preview":"max-image-preview:large","max-video-preview":"max-video-preview:-1"},"canonical":"https:\/\/www.magicland-theatre.com\/wordpress\/juan-marquez-garcia\/","og_locale":"fr_FR","og_type":"article","og_title":"Juan Marquez Garcia","og_url":"https:\/\/www.magicland-theatre.com\/wordpress\/juan-marquez-garcia\/","og_site_name":"Le Magic Land Th\u00e9\u00e2tre","article_publisher":"https:\/\/www.facebook.com\/magicland.mlt\/","article_modified_time":"2022-10-13T09:13:29+00:00","og_image":[{"width":591,"height":843,"url":"https:\/\/www.magicland-theatre.com\/wordpress\/wp-content\/uploads\/2013\/05\/logo-debout.jpg","type":"image\/jpeg"}],"twitter_card":"summary_large_image","twitter_site":"@MagicLandMlt","twitter_misc":{"Dur\u00e9e de lecture estim\u00e9e":"2 minutes"},"schema":{"@context":"https:\/\/schema.org","@graph":[{"@type":"WebPage","@id":"https:\/\/www.magicland-theatre.com\/wordpress\/juan-marquez-garcia\/","url":"https:\/\/www.magicland-theatre.com\/wordpress\/juan-marquez-garcia\/","name":"Juan Marquez Garcia","isPartOf":{"@id":"https:\/\/www.magicland-theatre.com\/wordpress\/#website"},"datePublished":"2013-09-25T10:10:38+00:00","dateModified":"2022-10-13T09:13:29+00:00","breadcrumb":{"@id":"https:\/\/www.magicland-theatre.com\/wordpress\/juan-marquez-garcia\/#breadcrumb"},"inLanguage":"fr-FR","potentialAction":[{"@type":"ReadAction","target":["https:\/\/www.magicland-theatre.com\/wordpress\/juan-marquez-garcia\/"]}]},{"@type":"BreadcrumbList","@id":"https:\/\/www.magicland-theatre.com\/wordpress\/juan-marquez-garcia\/#breadcrumb","itemListElement":[{"@type":"ListItem","position":1,"name":"Homepage","item":"https:\/\/www.magicland-theatre.com\/wordpress\/"},{"@type":"ListItem","position":2,"name":"Juan Marquez Garcia"}]},{"@type":"WebSite","@id":"https:\/\/www.magicland-theatre.com\/wordpress\/#website","url":"https:\/\/www.magicland-theatre.com\/wordpress\/","name":"Le Magic Land Th\u00e9\u00e2tre","description":"Une seule devise : le rire !","publisher":{"@id":"https:\/\/www.magicland-theatre.com\/wordpress\/#organization"},"potentialAction":[{"@type":"SearchAction","target":{"@type":"EntryPoint","urlTemplate":"https:\/\/www.magicland-theatre.com\/wordpress\/?s={search_term_string}"},"query-input":{"@type":"PropertyValueSpecification","valueRequired":true,"valueName":"search_term_string"}}],"inLanguage":"fr-FR"},{"@type":"Organization","@id":"https:\/\/www.magicland-theatre.com\/wordpress\/#organization","name":"Le Magic Land Th\u00e9\u00e2tre","url":"https:\/\/www.magicland-theatre.com\/wordpress\/","logo":{"@type":"ImageObject","inLanguage":"fr-FR","@id":"https:\/\/www.magicland-theatre.com\/wordpress\/#\/schema\/logo\/image\/","url":"https:\/\/www.magicland-theatre.com\/wordpress\/wp-content\/uploads\/2013\/05\/logo-debout.jpg","contentUrl":"https:\/\/www.magicland-theatre.com\/wordpress\/wp-content\/uploads\/2013\/05\/logo-debout.jpg","width":591,"height":843,"caption":"Le Magic Land Th\u00e9\u00e2tre"},"image":{"@id":"https:\/\/www.magicland-theatre.com\/wordpress\/#\/schema\/logo\/image\/"},"sameAs":["https:\/\/www.facebook.com\/magicland.mlt\/","https:\/\/x.com\/MagicLandMlt","https:\/\/www.instagram.com\/magiclandtheatre\/","https:\/\/www.linkedin.com\/in\/magic-land-thtre-35a04a6a?trk=hp-identity-name","https:\/\/www.youtube.com\/channel\/UCh1EgBwX4wwlnXsK4xQXBEw"]}]}},"_links":{"self":[{"href":"https:\/\/www.magicland-theatre.com\/wordpress\/wp-json\/wp\/v2\/pages\/984","targetHints":{"allow":["GET"]}}],"collection":[{"href":"https:\/\/www.magicland-theatre.com\/wordpress\/wp-json\/wp\/v2\/pages"}],"about":[{"href":"https:\/\/www.magicland-theatre.com\/wordpress\/wp-json\/wp\/v2\/types\/page"}],"author":[{"embeddable":true,"href":"https:\/\/www.magicland-theatre.com\/wordpress\/wp-json\/wp\/v2\/users\/2"}],"replies":[{"embeddable":true,"href":"https:\/\/www.magicland-theatre.com\/wordpress\/wp-json\/wp\/v2\/comments?post=984"}],"version-history":[{"count":5,"href":"https:\/\/www.magicland-theatre.com\/wordpress\/wp-json\/wp\/v2\/pages\/984\/revisions"}],"predecessor-version":[{"id":6842,"href":"https:\/\/www.magicland-theatre.com\/wordpress\/wp-json\/wp\/v2\/pages\/984\/revisions\/6842"}],"wp:attachment":[{"href":"https:\/\/www.magicland-theatre.com\/wordpress\/wp-json\/wp\/v2\/media?parent=984"}],"curies":[{"name":"wp","href":"https:\/\/api.w.org\/{rel}","templated":true}]}}