{"id":971,"date":"2013-09-25T11:57:17","date_gmt":"2013-09-25T09:57:17","guid":{"rendered":"http:\/\/www.magicland-theatre.com\/wordpress\/?page_id=971"},"modified":"2023-03-17T12:48:28","modified_gmt":"2023-03-17T11:48:28","slug":"david-notebaert","status":"publish","type":"page","link":"https:\/\/www.magicland-theatre.com\/wordpress\/david-notebaert\/","title":{"rendered":"David Notebaert"},"content":{"rendered":"<p>[et_pb_section fb_built=\u00a0\u00bb1&Prime; admin_label=\u00a0\u00bbsection\u00a0\u00bb _builder_version=\u00a0\u00bb4.16&Prime; global_colors_info=\u00a0\u00bb{}\u00a0\u00bb][et_pb_row admin_label=\u00a0\u00bbrow\u00a0\u00bb _builder_version=\u00a0\u00bb4.16&Prime; background_size=\u00a0\u00bbinitial\u00a0\u00bb background_position=\u00a0\u00bbtop_left\u00a0\u00bb background_repeat=\u00a0\u00bbrepeat\u00a0\u00bb global_colors_info=\u00a0\u00bb{}\u00a0\u00bb][et_pb_column type=\u00a0\u00bb4_4&Prime; _builder_version=\u00a0\u00bb4.16&Prime; custom_padding=\u00a0\u00bb|||\u00a0\u00bb global_colors_info=\u00a0\u00bb{}\u00a0\u00bb custom_padding__hover=\u00a0\u00bb|||\u00a0\u00bb][et_pb_text admin_label=\u00a0\u00bbTexte\u00a0\u00bb _builder_version=\u00a0\u00bb4.19.5&Prime; background_size=\u00a0\u00bbinitial\u00a0\u00bb background_position=\u00a0\u00bbtop_left\u00a0\u00bb background_repeat=\u00a0\u00bbrepeat\u00a0\u00bb hover_enabled=\u00a0\u00bb0&Prime; use_border_color=\u00a0\u00bboff\u00a0\u00bb border_color=\u00a0\u00bb#ffffff\u00a0\u00bb border_style=\u00a0\u00bbsolid\u00a0\u00bb global_colors_info=\u00a0\u00bb{}\u00a0\u00bb sticky_enabled=\u00a0\u00bb0&Prime;]<\/p>\n<h2>David Notebaert<\/h2>\n<p>Chanteur atypique, il r\u00e9alise 2 albums et participe \u00e0 de nombreuses collaborations sur la sc\u00e8ne musicale Belge des ann\u00e9es 90.<\/p>\n<p>Apr\u00e8s un voyage sur les routes de France en carriole avec un spectacle de marionnettes (El Circo Radio Pinzani ), il entre au Magic Land comme r\u00e9gisseur, aide d\u00e9corateur dans \u00ab\u00a0Le Magic Land r\u00e8gle ses contes\u00a0\u00bb puis en tant que com\u00e9dien dans \u00ab\u00a0Erreur de Gen\u00e8se\u00a0\u00bb et \u00ab\u00a0Grimes et Ch\u00e2timents\u00a0\u00bb. \u00a0Depuis, il participe activement aux diff\u00e9rents spectacles ainsi qu&rsquo;aux spectacles de rue que propose le Magic Land.<\/p>\n<p>[\/et_pb_text][et_pb_gallery gallery_ids=\u00a0\u00bb2720,2718,2358,1726,1425,831,798,789,788,786,784,779,778,674,677,611,244,2777&Prime; fullwidth=\u00a0\u00bbon\u00a0\u00bb admin_label=\u00a0\u00bbGalerie\u00a0\u00bb _builder_version=\u00a0\u00bb4.16&Prime; caption_all_caps=\u00a0\u00bboff\u00a0\u00bb use_border_color=\u00a0\u00bboff\u00a0\u00bb border_color=\u00a0\u00bb#ffffff\u00a0\u00bb border_style=\u00a0\u00bbsolid\u00a0\u00bb global_colors_info=\u00a0\u00bb{}\u00a0\u00bb] [\/et_pb_gallery][\/et_pb_column][\/et_pb_row][\/et_pb_section]<\/p>\n","protected":false},"excerpt":{"rendered":"<p>David Notebaert Chanteur atypique, il r\u00e9alise 2 albums et participe \u00e0 de nombreuses collaborations sur la sc\u00e8ne musicale Belge des ann\u00e9es 90. Apr\u00e8s un voyage sur les routes de France [&hellip;]<\/p>\n","protected":false},"author":2,"featured_media":0,"parent":0,"menu_order":0,"comment_status":"closed","ping_status":"open","template":"","meta":{"_et_pb_use_builder":"on","_et_pb_old_content":"<p>Chanteur atypique, il r\u00e9alise 2 albums et participe \u00e0 de nombreuse collaborations sur la sc\u00e8ne musicale Belge des ann\u00e9es 90 (Pierre Rapsaet, Venus, Dominique A,\u00a0 dEUS, Daniel Helin\u2026.)<\/p><p>Apr\u00e8s un voyage sur les routes de France en carriole avec un spectacle de marionnettes (El Circo Radio Pinzani ), il entre au Magic Land comme r\u00e9gisseur, aide d\u00e9corateur dans \u00ab\u00a0Le Magic Land r\u00e8gle ses contes\u00a0\u00bb puis en tant que com\u00e9dien dans \u00ab\u00a0Erreur de Gen\u00e8se\u00a0\u00bb et \u00ab\u00a0Grimes et Ch\u00e2timents\u00a0\u00bb. \u00a0Depuis, il participe activement aux diff\u00e9rents spectacles ainsi qu'aux spectacles de rue que propose le Magic Land.<\/p><p>[gallery columns=\"6\" ids=\"831,798,803,789,786,787,788,778,779,784,680,677,674,619,611,396,399,244\"]<\/p>","_et_gb_content_width":"","footnotes":""},"class_list":["post-971","page","type-page","status-publish","hentry"],"yoast_head":"<!-- This site is optimized with the Yoast SEO plugin v26.6 - https:\/\/yoast.com\/wordpress\/plugins\/seo\/ -->\n<title>David Notebaert<\/title>\n<meta name=\"robots\" content=\"index, follow, max-snippet:-1, max-image-preview:large, max-video-preview:-1\" \/>\n<link rel=\"canonical\" href=\"https:\/\/www.magicland-theatre.com\/wordpress\/david-notebaert\/\" \/>\n<meta property=\"og:locale\" content=\"fr_FR\" \/>\n<meta property=\"og:type\" content=\"article\" \/>\n<meta property=\"og:title\" content=\"David Notebaert\" \/>\n<meta property=\"og:url\" content=\"https:\/\/www.magicland-theatre.com\/wordpress\/david-notebaert\/\" \/>\n<meta property=\"og:site_name\" content=\"Le Magic Land Th\u00e9\u00e2tre\" \/>\n<meta property=\"article:publisher\" content=\"https:\/\/www.facebook.com\/magicland.mlt\/\" \/>\n<meta property=\"article:modified_time\" content=\"2023-03-17T11:48:28+00:00\" \/>\n<meta property=\"og:image\" content=\"https:\/\/www.magicland-theatre.com\/wordpress\/wp-content\/uploads\/2013\/05\/logo-debout.jpg\" \/>\n\t<meta property=\"og:image:width\" content=\"591\" \/>\n\t<meta property=\"og:image:height\" content=\"843\" \/>\n\t<meta property=\"og:image:type\" content=\"image\/jpeg\" \/>\n<meta name=\"twitter:card\" content=\"summary_large_image\" \/>\n<meta name=\"twitter:site\" content=\"@MagicLandMlt\" \/>\n<meta name=\"twitter:label1\" content=\"Dur\u00e9e de lecture estim\u00e9e\" \/>\n\t<meta name=\"twitter:data1\" content=\"1 minute\" \/>\n<script type=\"application\/ld+json\" class=\"yoast-schema-graph\">{\"@context\":\"https:\/\/schema.org\",\"@graph\":[{\"@type\":\"WebPage\",\"@id\":\"https:\/\/www.magicland-theatre.com\/wordpress\/david-notebaert\/\",\"url\":\"https:\/\/www.magicland-theatre.com\/wordpress\/david-notebaert\/\",\"name\":\"David Notebaert\",\"isPartOf\":{\"@id\":\"https:\/\/www.magicland-theatre.com\/wordpress\/#website\"},\"datePublished\":\"2013-09-25T09:57:17+00:00\",\"dateModified\":\"2023-03-17T11:48:28+00:00\",\"breadcrumb\":{\"@id\":\"https:\/\/www.magicland-theatre.com\/wordpress\/david-notebaert\/#breadcrumb\"},\"inLanguage\":\"fr-FR\",\"potentialAction\":[{\"@type\":\"ReadAction\",\"target\":[\"https:\/\/www.magicland-theatre.com\/wordpress\/david-notebaert\/\"]}]},{\"@type\":\"BreadcrumbList\",\"@id\":\"https:\/\/www.magicland-theatre.com\/wordpress\/david-notebaert\/#breadcrumb\",\"itemListElement\":[{\"@type\":\"ListItem\",\"position\":1,\"name\":\"Homepage\",\"item\":\"https:\/\/www.magicland-theatre.com\/wordpress\/\"},{\"@type\":\"ListItem\",\"position\":2,\"name\":\"David Notebaert\"}]},{\"@type\":\"WebSite\",\"@id\":\"https:\/\/www.magicland-theatre.com\/wordpress\/#website\",\"url\":\"https:\/\/www.magicland-theatre.com\/wordpress\/\",\"name\":\"Le Magic Land Th\u00e9\u00e2tre\",\"description\":\"Une seule devise : le rire !\",\"publisher\":{\"@id\":\"https:\/\/www.magicland-theatre.com\/wordpress\/#organization\"},\"potentialAction\":[{\"@type\":\"SearchAction\",\"target\":{\"@type\":\"EntryPoint\",\"urlTemplate\":\"https:\/\/www.magicland-theatre.com\/wordpress\/?s={search_term_string}\"},\"query-input\":{\"@type\":\"PropertyValueSpecification\",\"valueRequired\":true,\"valueName\":\"search_term_string\"}}],\"inLanguage\":\"fr-FR\"},{\"@type\":\"Organization\",\"@id\":\"https:\/\/www.magicland-theatre.com\/wordpress\/#organization\",\"name\":\"Le Magic Land Th\u00e9\u00e2tre\",\"url\":\"https:\/\/www.magicland-theatre.com\/wordpress\/\",\"logo\":{\"@type\":\"ImageObject\",\"inLanguage\":\"fr-FR\",\"@id\":\"https:\/\/www.magicland-theatre.com\/wordpress\/#\/schema\/logo\/image\/\",\"url\":\"https:\/\/www.magicland-theatre.com\/wordpress\/wp-content\/uploads\/2013\/05\/logo-debout.jpg\",\"contentUrl\":\"https:\/\/www.magicland-theatre.com\/wordpress\/wp-content\/uploads\/2013\/05\/logo-debout.jpg\",\"width\":591,\"height\":843,\"caption\":\"Le Magic Land Th\u00e9\u00e2tre\"},\"image\":{\"@id\":\"https:\/\/www.magicland-theatre.com\/wordpress\/#\/schema\/logo\/image\/\"},\"sameAs\":[\"https:\/\/www.facebook.com\/magicland.mlt\/\",\"https:\/\/x.com\/MagicLandMlt\",\"https:\/\/www.instagram.com\/magiclandtheatre\/\",\"https:\/\/www.linkedin.com\/in\/magic-land-thtre-35a04a6a?trk=hp-identity-name\",\"https:\/\/www.youtube.com\/channel\/UCh1EgBwX4wwlnXsK4xQXBEw\"]}]}<\/script>\n<!-- \/ Yoast SEO plugin. -->","yoast_head_json":{"title":"David Notebaert","robots":{"index":"index","follow":"follow","max-snippet":"max-snippet:-1","max-image-preview":"max-image-preview:large","max-video-preview":"max-video-preview:-1"},"canonical":"https:\/\/www.magicland-theatre.com\/wordpress\/david-notebaert\/","og_locale":"fr_FR","og_type":"article","og_title":"David Notebaert","og_url":"https:\/\/www.magicland-theatre.com\/wordpress\/david-notebaert\/","og_site_name":"Le Magic Land Th\u00e9\u00e2tre","article_publisher":"https:\/\/www.facebook.com\/magicland.mlt\/","article_modified_time":"2023-03-17T11:48:28+00:00","og_image":[{"width":591,"height":843,"url":"https:\/\/www.magicland-theatre.com\/wordpress\/wp-content\/uploads\/2013\/05\/logo-debout.jpg","type":"image\/jpeg"}],"twitter_card":"summary_large_image","twitter_site":"@MagicLandMlt","twitter_misc":{"Dur\u00e9e de lecture estim\u00e9e":"1 minute"},"schema":{"@context":"https:\/\/schema.org","@graph":[{"@type":"WebPage","@id":"https:\/\/www.magicland-theatre.com\/wordpress\/david-notebaert\/","url":"https:\/\/www.magicland-theatre.com\/wordpress\/david-notebaert\/","name":"David Notebaert","isPartOf":{"@id":"https:\/\/www.magicland-theatre.com\/wordpress\/#website"},"datePublished":"2013-09-25T09:57:17+00:00","dateModified":"2023-03-17T11:48:28+00:00","breadcrumb":{"@id":"https:\/\/www.magicland-theatre.com\/wordpress\/david-notebaert\/#breadcrumb"},"inLanguage":"fr-FR","potentialAction":[{"@type":"ReadAction","target":["https:\/\/www.magicland-theatre.com\/wordpress\/david-notebaert\/"]}]},{"@type":"BreadcrumbList","@id":"https:\/\/www.magicland-theatre.com\/wordpress\/david-notebaert\/#breadcrumb","itemListElement":[{"@type":"ListItem","position":1,"name":"Homepage","item":"https:\/\/www.magicland-theatre.com\/wordpress\/"},{"@type":"ListItem","position":2,"name":"David Notebaert"}]},{"@type":"WebSite","@id":"https:\/\/www.magicland-theatre.com\/wordpress\/#website","url":"https:\/\/www.magicland-theatre.com\/wordpress\/","name":"Le Magic Land Th\u00e9\u00e2tre","description":"Une seule devise : le rire !","publisher":{"@id":"https:\/\/www.magicland-theatre.com\/wordpress\/#organization"},"potentialAction":[{"@type":"SearchAction","target":{"@type":"EntryPoint","urlTemplate":"https:\/\/www.magicland-theatre.com\/wordpress\/?s={search_term_string}"},"query-input":{"@type":"PropertyValueSpecification","valueRequired":true,"valueName":"search_term_string"}}],"inLanguage":"fr-FR"},{"@type":"Organization","@id":"https:\/\/www.magicland-theatre.com\/wordpress\/#organization","name":"Le Magic Land Th\u00e9\u00e2tre","url":"https:\/\/www.magicland-theatre.com\/wordpress\/","logo":{"@type":"ImageObject","inLanguage":"fr-FR","@id":"https:\/\/www.magicland-theatre.com\/wordpress\/#\/schema\/logo\/image\/","url":"https:\/\/www.magicland-theatre.com\/wordpress\/wp-content\/uploads\/2013\/05\/logo-debout.jpg","contentUrl":"https:\/\/www.magicland-theatre.com\/wordpress\/wp-content\/uploads\/2013\/05\/logo-debout.jpg","width":591,"height":843,"caption":"Le Magic Land Th\u00e9\u00e2tre"},"image":{"@id":"https:\/\/www.magicland-theatre.com\/wordpress\/#\/schema\/logo\/image\/"},"sameAs":["https:\/\/www.facebook.com\/magicland.mlt\/","https:\/\/x.com\/MagicLandMlt","https:\/\/www.instagram.com\/magiclandtheatre\/","https:\/\/www.linkedin.com\/in\/magic-land-thtre-35a04a6a?trk=hp-identity-name","https:\/\/www.youtube.com\/channel\/UCh1EgBwX4wwlnXsK4xQXBEw"]}]}},"_links":{"self":[{"href":"https:\/\/www.magicland-theatre.com\/wordpress\/wp-json\/wp\/v2\/pages\/971","targetHints":{"allow":["GET"]}}],"collection":[{"href":"https:\/\/www.magicland-theatre.com\/wordpress\/wp-json\/wp\/v2\/pages"}],"about":[{"href":"https:\/\/www.magicland-theatre.com\/wordpress\/wp-json\/wp\/v2\/types\/page"}],"author":[{"embeddable":true,"href":"https:\/\/www.magicland-theatre.com\/wordpress\/wp-json\/wp\/v2\/users\/2"}],"replies":[{"embeddable":true,"href":"https:\/\/www.magicland-theatre.com\/wordpress\/wp-json\/wp\/v2\/comments?post=971"}],"version-history":[{"count":5,"href":"https:\/\/www.magicland-theatre.com\/wordpress\/wp-json\/wp\/v2\/pages\/971\/revisions"}],"predecessor-version":[{"id":8269,"href":"https:\/\/www.magicland-theatre.com\/wordpress\/wp-json\/wp\/v2\/pages\/971\/revisions\/8269"}],"wp:attachment":[{"href":"https:\/\/www.magicland-theatre.com\/wordpress\/wp-json\/wp\/v2\/media?parent=971"}],"curies":[{"name":"wp","href":"https:\/\/api.w.org\/{rel}","templated":true}]}}