{"id":7288,"date":"2022-11-03T13:26:16","date_gmt":"2022-11-03T12:26:16","guid":{"rendered":"https:\/\/www.magicland-theatre.com\/wordpress\/?page_id=7288"},"modified":"2023-02-04T11:10:23","modified_gmt":"2023-02-04T10:10:23","slug":"histoire","status":"publish","type":"page","link":"https:\/\/www.magicland-theatre.com\/wordpress\/histoire\/","title":{"rendered":"Histoire"},"content":{"rendered":"<p>[et_pb_section fb_built=\u00a0\u00bb1&Prime; admin_label=\u00a0\u00bbsection\u00a0\u00bb _builder_version=\u00a0\u00bb4.16&Prime; global_colors_info=\u00a0\u00bb{}\u00a0\u00bb][et_pb_row admin_label=\u00a0\u00bbrow\u00a0\u00bb _builder_version=\u00a0\u00bb4.16&Prime; background_size=\u00a0\u00bbinitial\u00a0\u00bb background_position=\u00a0\u00bbtop_left\u00a0\u00bb background_repeat=\u00a0\u00bbrepeat\u00a0\u00bb global_colors_info=\u00a0\u00bb{}\u00a0\u00bb][et_pb_column type=\u00a0\u00bb4_4&Prime; _builder_version=\u00a0\u00bb4.16&Prime; custom_padding=\u00a0\u00bb|||\u00a0\u00bb global_colors_info=\u00a0\u00bb{}\u00a0\u00bb custom_padding__hover=\u00a0\u00bb|||\u00a0\u00bb][et_pb_text admin_label=\u00a0\u00bbTexte\u00a0\u00bb _builder_version=\u00a0\u00bb4.16&Prime; background_size=\u00a0\u00bbinitial\u00a0\u00bb background_position=\u00a0\u00bbtop_left\u00a0\u00bb background_repeat=\u00a0\u00bbrepeat\u00a0\u00bb use_border_color=\u00a0\u00bboff\u00a0\u00bb border_color=\u00a0\u00bb#ffffff\u00a0\u00bb border_style=\u00a0\u00bbsolid\u00a0\u00bb global_colors_info=\u00a0\u00bb{}\u00a0\u00bb]<\/p>\n<h4><\/h4>\n<p><span style=\"font-weight: 400; font-size: large;\"><\/span><\/p>\n<h4><span style=\"font-size: xx-large;\">Magic Land Th\u00e9\u00e2tre<\/span><\/h4>\n<p><br style=\"font-weight: 400;\" \/><br style=\"font-weight: 400;\" \/><\/p>\n<p>[\/et_pb_text][et_pb_text admin_label=\u00a0\u00bbTexte\u00a0\u00bb _builder_version=\u00a0\u00bb4.16&Prime; background_size=\u00a0\u00bbinitial\u00a0\u00bb background_position=\u00a0\u00bbtop_left\u00a0\u00bb background_repeat=\u00a0\u00bbrepeat\u00a0\u00bb custom_padding=\u00a0\u00bb1px|||||\u00a0\u00bb use_border_color=\u00a0\u00bboff\u00a0\u00bb border_color=\u00a0\u00bb#ffffff\u00a0\u00bb border_style=\u00a0\u00bbsolid\u00a0\u00bb global_colors_info=\u00a0\u00bb{}\u00a0\u00bb]<\/p>\n<h4><b style=\"font-size: 13px; color: #666666;\"><span style=\"font-size: large;\">LES GRANDES ETAPES DE L&rsquo;HISTOIRE DE LA COMPAGNIE :<\/span>\u00a0<\/b><\/h4>\n<p><span style=\"font-size: large;\"><\/span><\/p>\n<ul>\n<li aria-level=\"1\"><span style=\"font-size: large;\"><b>Et\u00e9 68 : d\u2019Avignon \u00e0 Ibiza<\/b><\/span><\/li>\n<\/ul>\n<p><span style=\"font-weight: 400; font-size: large;\"><\/span><\/p>\n<p><span style=\"font-weight: 400; font-size: large;\">Image d\u2019\u00e9pinal : \u00e0 l\u2019\u00e9t\u00e9 1968, Patrick Chaboud d\u00e9barque, sac au dos et guitare \u00e0 la main, au Festival d\u2019Avignon. En marge des gens de th\u00e9\u00e2tre qu\u2019il ne c\u00f4toie pas encore, il rencontre Micha\u00ebl Laub et Didier Lapalus (aujourd\u2019hui metteur en sc\u00e8ne et photographe de presse) qui deviennent ses compagnons de route. A la fin de l\u2019\u00e9t\u00e9, ils partent pour l\u2019Angleterre. Londres c\u2019est alors l\u2019\u00e9closion de la hip generation, du mouvement psych\u00e9d\u00e9lique et des grands festivals comme l\u2019\u00eele de Wight. Assoiff\u00e9s de lumi\u00e8re, ils continuent leur route et se rendent \u00e0 Ibiza. \u00c9trange cohabitation entre les locaux, les hippies et la guardia civil, l\u2019aventure se termine par une expulsion. Ils retournent alors \u00e0 Londres o\u00f9 ils d\u00e9cident de repartir, vers la Su\u00e8de cette fois.<\/span><\/p>\n<p><span style=\"font-weight: 400; font-size: large;\"><\/span><\/p>\n<ul>\n<li aria-level=\"1\"><span style=\"font-size: large;\"><b>de 1970 \u00e0 1974 : Stockholm<\/b><\/span><\/li>\n<\/ul>\n<p><span style=\"font-size: large;\"><span style=\"font-weight: 400;\">Un groupe se consolide, ce n\u2019est pas encore une communaut\u00e9 mais un squat auto-g\u00e9r\u00e9 o\u00f9 cohabitent des voyageurs et voyageuses de tous pays (babas cools, premiers \u00e9colos, d\u00e9racin\u00e9.e.s, r\u00e9fugi\u00e9.e.s politiques ou d\u00e9serteurs du Vietnam et des \u00e9tudiant.e.s gauchistes su\u00e9dois.e.s). Yves Gaillard rencontre Patrick Chaboud, c\u2019est un des premiers compagnons du Magic land. La Su\u00e8de et son syst\u00e8me social trop proche de big brother finit par \u00e9puiser ces libertaires. Avec Micha\u00ebl, Patrick part alors pour l\u2019Isra\u00ebl, comme volontaire dans un Kibboutz.<\/span><span style=\"font-weight: 400;\"><b><\/b><\/span><\/span><\/p>\n<ul>\n<li aria-level=\"1\"><span style=\"font-size: large;\"><b>En 1974 : le kibboutz<\/b><\/span><\/li>\n<\/ul>\n<p><span style=\"font-size: large;\"><span style=\"font-weight: 400;\">C\u2019est le grand virage de la vie de Patrick Chaboud. Il d\u00e9couvre l\u00e0 ce qu\u2019il cherchait : un collectivisme pratique, loin des th\u00e9ories, un id\u00e9al de vie, une vraie solidarit\u00e9, un partage, une rotation des t\u00e2ches et des moyens\u2026 Il y restera huit mois et cette exp\u00e9rience sera la base fondatrice du Magic land th\u00e9\u00e2tre. Contraint \u00e0 se convertir ou \u00e0 faire sans cesse des aller-retours pour renouveler son visa, Patrick s\u2019en va \u00e0 contrec\u0153ur et avec l\u2019ambition de recr\u00e9er cette exp\u00e9rience en Europe.<\/span><span style=\"font-weight: 400;\"><b><\/b><\/span><\/span><\/p>\n<ul>\n<li aria-level=\"1\"><span style=\"font-size: large;\"><b>En 1975 : la naissance du Magic land dans les Pyr\u00e9n\u00e9es fran\u00e7aises<\/b><\/span><\/li>\n<\/ul>\n<p><span style=\"font-weight: 400; font-size: large;\">De retour en Su\u00e8de, il raconte le kibboutz et cr\u00e9e avec ses compagnons \u201cThe Magic land commune\u201d, le Magic land \u00e9tait officiellement n\u00e9. Plus de 12 nationalit\u00e9s s\u2019y retrouvent, le groupe prend alors la route vers Avignon. Patrick veut r\u00e9unir mais il se rend vite compte que beaucoup de pseudo-marginaux auxquels ils s\u2019adressent ne sont pas pr\u00eats pour la grande aventure collective. Odile Serve les rejoint. Elle jouera un r\u00f4le crucial dans l\u2019aventure de la compagnie. La troupe se d\u00e9place et ne trouve pas de terre d\u2019accueil. Jusqu\u2019au jour o\u00f9 le maire communiste de Buzan, dans les Pyr\u00e9n\u00e9es, leur propose un presbyt\u00e8re vide. Enfin, un socle. L\u2019exp\u00e9rience su\u00e9doise s\u2019est \u00e9teinte mais l\u2019exp\u00e9rience fran\u00e7aise peut commencer.\u00a0<\/span><\/p>\n<p><span style=\"font-size: large;\"><span style=\"font-weight: 400;\">Le groupe vit de la vente de marionnettes et du potager. Fatigu\u00e9 de l\u2019isolement, c\u2019est Lyon qui ouvre ses bras pour une ann\u00e9e. C\u2019est l\u00e0 que le collectif choisit d\u2019utiliser les marionnettes plut\u00f4t que de les vendre : le premier spectacle voit le jour et s\u2019intitule \u201cLe peuple du soleil\u201d. De retour en Ari\u00e8ge, c\u2019est Dominique K\u00e9rignard qui rejoint le groupe et le marquera pour toujours. La vie communautaire s\u2019\u00e9coule : rude et bouleversante, Patrick Chaboud en parle encore aujourd\u2019hui comme des plus belles ann\u00e9es. L\u2019argent individuel n\u2019existe pas, la survie de chacun, chacune, d\u00e9pend du groupe. Les spectacles de marionnettes continuent et c\u2019est \u00e0 Avignon, lors du festival de 1975 que la rencontre avec Karine Salkin, belge expatri\u00e9e, change la destin\u00e9e. Elle leur propose d\u2019organiser une tourn\u00e9e en Belgique. Elle sera splendide (m\u00eame si financi\u00e8rement, le franc belge valant moins que le franc fran\u00e7ais, ils et elles se rendront compte un peu tard qu\u2019ils n\u2019ont rien gagn\u00e9). Ils et elles vont ensuite de festival en festival. Mais dans les Pyr\u00e9n\u00e9es, de nombreuses communaut\u00e9s s\u2019installent et cela g\u00eane les pouvoirs locaux. Le groupe est contraint de partir. Vu la tourn\u00e9e belge r\u00e9alis\u00e9e avec succ\u00e8s, c\u2019est enfin Bruxelles qui leur tend les bras.<\/span><span style=\"font-weight: 400;\"><b><\/b><\/span><\/span><\/p>\n<ul>\n<li aria-level=\"1\"><span style=\"font-size: large;\"><b>en 1976 : Bruxelles<\/b><\/span><\/li>\n<\/ul>\n<p><span style=\"font-weight: 400; font-size: large;\">Les d\u00e9buts \u00e0 Bruxelles sont durs, pas de chauffage ni de salle de bain ou d\u2019eau chaude. De l\u2019avenue Moli\u00e8re \u00e0 l\u2019avenue Brugmann, les jours de spectacles, on replie les matelas pour installer le public et on transforme le bureau en loge.<\/span><\/p>\n<p><span style=\"font-weight: 400; font-size: large;\">Et pourtant, Bruxelles qui ne devait \u00eatre qu\u2019une \u00e9ni\u00e8me \u00e9tape sur la route, devient le lieu d\u2019existence du le Magic land th\u00e9\u00e2tre. Quarante ann\u00e9es plus tard, nous y sommes toujours. Le travail artistique abattu dans la capitale de l\u2019Europe est immense, voici un court aper\u00e7u chronologique des \u00e9v\u00e9nements forts de la compagnie :<\/span><\/p>\n<p><span style=\"font-weight: 400; font-size: large;\"><br \/><b><\/b><\/span><\/p>\n<ul>\n<li aria-level=\"1\"><span style=\"font-size: large;\"><b>en 1982, les ann\u00e9es Lollipop, le th\u00e9\u00e2tre de rue et le caf\u00e9-th\u00e9\u00e2tre<\/b><\/span><\/li>\n<\/ul>\n<p><span style=\"font-weight: 400; font-size: large;\">Invit\u00e9 \u00e0 faire la promotion de \u201cLa reine Claude a des p\u00e9pins\u201d sur la RTBF, Patrick, pour combler quelques minutes d\u2019antienne, se livre \u00e0 une improvisation avec Philippe Geluck qu\u2019il rencontre alors. Pauline Hubert rep\u00e8re instantan\u00e9ment ce duo exceptionnel et propose au Magic land d\u2019int\u00e9grer la saga Lollipop qui durera cinq ann\u00e9es. Fous rires inextinguibles et immense libert\u00e9, ces ann\u00e9es de t\u00e9l\u00e9vision seront un tremplin fantastique pour la compagnie.<\/span><\/p>\n<p><span style=\"font-weight: 400; font-size: large;\">\u00a0<\/span><\/p>\n<p><span style=\"font-weight: 400; font-size: large;\">En parall\u00e8le de l\u2019aventure t\u00e9l\u00e9visuelle et des spectacles de marionnettes, la troupe d\u00e9couvre le th\u00e9\u00e2tre dans la rue et c\u2019est une r\u00e9v\u00e9lation. C\u2019est Stanislas qui les y initie lors du \u201cFestival des faux monnayeurs\u201d. C\u2019est en ext\u00e9rieur, face aux impr\u00e9vus, aux intemp\u00e9ries, aux publics plus ou moins concentr\u00e9s que la compagnie du Magic land apprendra tout et d\u00e9veloppera ce sens in\u00e9dit de la relation humaine dans le th\u00e9\u00e2tre. La rue permet de faire \u00e9clater l\u2019espace sc\u00e9nique conventionnel et de cr\u00e9er un lien d\u2019humanit\u00e9 profond avec les spectateurs et spectatrices. La troupe retourne alors sur les routes, avec ses spectacles cette fois, au Canada, en Suisse et en France.<\/span><\/p>\n<p><span style=\"font-weight: 400; font-size: large;\">\u00a0<\/span><\/p>\n<p><span style=\"font-weight: 400; font-size: large;\">La compagnie continue par ailleurs de cr\u00e9er des spectacles de caf\u00e9-th\u00e9\u00e2tre qu\u2019elle pr\u00e9sente dans sa maison bruxelloise, avenue Brugmann.<\/span><\/p>\n<ul>\n<li aria-level=\"1\"><span style=\"font-size: large;\"><b>1984, les ann\u00e9es Botanique<\/b><\/span><\/li>\n<\/ul>\n<p><span style=\"font-weight: 400; font-size: large;\">Une nouvelle rencontre vient changer le cours de l\u2019histoire de la troupe. Jean-Pierre Hubert, futur directeur du Botanique, assiste par hasard \u00e0 une repr\u00e9sentation de la troupe dans la maison de l\u2019avenue Brugmann. Il leur propose alors de produire un spectacle pour la saison suivante. C\u2019est un immense d\u00e9fi pour cette compagnie pleine d&rsquo;autodidactes, les voil\u00e0 projet\u00e9.e.s dans le monde professionnel. Le succ\u00e8s est au rendez-vous. Cette collaboration durera huit ans, le temps de quatre cr\u00e9ations et quatre reprises.\u00a0<\/span><\/p>\n<p><span style=\"font-weight: 400; font-size: large;\"><br \/><b><\/b><\/span><\/p>\n<ul>\n<li aria-level=\"1\"><span style=\"font-size: large;\"><b>les f\u00eates romanes, la f\u00eate des fleurs, le Festival du film fantastique\u2026<\/b><\/span><\/li>\n<\/ul>\n<p><span style=\"font-weight: 400; font-size: large;\">C\u2019est l\u2019\u00e2ge d\u2019or de la compagnie, en parall\u00e8le de Nouba Nouba \u00e0 la t\u00e9l\u00e9vision, nous continuons de nous produire au Botanique et nous cr\u00e9ons et intervenons dans de nombreux d\u2019\u00e9v\u00e9nements de tr\u00e8s grande ampleur. Les f\u00eates romanes pour ne citer qu\u2019elles sont l\u2019occasion d\u2019immenses\u00a0 pr\u00e9parations, d\u2019interventions de 300 personnes figurantes, de d\u00e9cors titanesques et de multiples techniques spectaculaires (cirque, pyrotechnie, th\u00e9\u00e2tre, danse et musique sous toutes ses formes).\u00a0<\/span><\/p>\n<p><span style=\"font-weight: 400; font-size: large;\"><br \/><b><\/b><\/span><\/p>\n<ul>\n<li aria-level=\"1\"><span style=\"font-size: large;\"><b>de 1994 \u00e0 2020 : la Rue d\u2019Hoogvorst<\/b><\/span><\/li>\n<\/ul>\n<p><span style=\"font-weight: 400; font-size: large;\">Ce lieu que nous louons depuis depuis deux ans pour stocker des d\u00e9cors va devenir notre antre. Malgr\u00e9 le quartier difficile, l\u2019\u00e9tat du b\u00e2timent, l\u2019absence totale de soutien public, nous d\u00e9cidons de transformer ce vieux hangar en un th\u00e9\u00e2tre \u00e9blouissant. En quelques mois, la troupe parvient \u00e0 cr\u00e9er un espace unique et \u00e0 l\u2019\u00e9nergie puissante. Le succ\u00e8s est imm\u00e9diat, la troupe a d\u00e9sormais son public, pr\u00eat \u00e0 la suivre partout o\u00f9 elle ira. Nous resterons dans ce lieu pendant trente ans.<\/span><\/p>\n<p><span style=\"font-weight: 400; font-size: large;\"><br \/><b><\/b><\/span><\/p>\n<ul>\n<li aria-level=\"1\"><span style=\"font-size: large;\"><b>le d\u00e9part de Do et Dilou, cofondateur.rice.s de la compagnie<\/b><\/span><\/li>\n<\/ul>\n<p><span style=\"font-weight: 400; font-size: large;\">D\u00e9pourvus de tout soutien culturel, nous sommes contraints d\u2019accepter des contrats avec des entreprises priv\u00e9es. Cela cr\u00e9e un fameux d\u00e9bat dans la compagnie et devient un sujet de discorde r\u00e9current. Sans cet argent, nous n\u2019existons plus. Un choix est pos\u00e9 et Do s\u2019en va. Il \u00e9tait l\u2019un des cofondateurs du Magic land th\u00e9\u00e2tre, son absence laisse un vide \u00e9norme qu\u2019il faudra combler. Toute aventure humaine connait ses temp\u00eates. Quelque temps plus tard, c\u2019est Dilou qui s\u2019en ira. Avec son d\u00e9part, c\u2019est une page qui se tourne, celle des d\u00e9buts sans gloire et sans argent, celle de l&rsquo;amiti\u00e9 ind\u00e9fectible des trois fondateur.rice.s du Magic land th\u00e9\u00e2tre\u2026<\/span><\/p>\n<p><span style=\"font-weight: 400; font-size: large;\"><\/span><\/p>\n<p><b><\/b><\/p>\n<ul>\n<li aria-level=\"1\"><span style=\"font-size: large;\"><b>la zinneke, les parades, les animations, le th\u00e9\u00e2tre<\/b><\/span><\/li>\n<\/ul>\n<p><span style=\"font-weight: 400; font-size: large;\">Pendant toutes ces ann\u00e9es \u00e0 Schaerbeek, la compagnie diversifie les activit\u00e9s : parade, animations de rue, caf\u00e9-th\u00e9\u00e2tre, la machine ne s\u2019arr\u00eate jamais. De saison en saison, les cr\u00e9ations et les reprises se suivent et ne se ressemblent pas (tous ces spectacles se trouvent d\u00e9crits sur la page qui concernent nos cr\u00e9ations).<\/span><\/p>\n<p><span style=\"font-weight: 400; font-size: large;\"><br \/><b><\/b><\/span><\/p>\n<ul>\n<li aria-level=\"1\"><span style=\"font-size: large;\"><b>2020 : le R\u00e9seau d\u2019Artagnan<\/b><\/span><\/li>\n<\/ul>\n<p><span style=\"font-weight: 400; font-size: large;\">En mars 2020, le monde s\u2019arr\u00eate et la covid-19 d\u00e9ferle sur nos contr\u00e9es. Contraints et forc\u00e9s, nous fermons nos portes et d\u00e9cidons de retourner dans la rue pour retrouver notre public, envers et contre tout. C\u2019est la naissance du R\u00e9seau D\u2019Artagnan. Comptant sur les spectateurs et spectatrices fid\u00e8les, nous jouons dans leurs jardins, sur les places de villages, dans les cours d\u2019\u00e9cole et dans tous les lieux possibles qui ne se trouvent pas entre quatre murs et sous un toit. Nous retournons alors \u00e0 nos premi\u00e8re amours : le th\u00e9\u00e2tre de tr\u00e9teaux, \u00e0 l\u2019ext\u00e9rieur, sous le ciel \u00e9toil\u00e9. Et le succ\u00e8s est au rendez-vous. Nous d\u00e9cidons alors de p\u00e9renniser ce r\u00e9seau alternatif de diffusion qui s\u2019appuie tant sur les partenaires officiels que sur des lieux ou compagnies non-encore reconnues par la F\u00e9d\u00e9ration Wallonie-Bruxelles et sur des citoyennes et citoyens solidaires (lien vers la page du R\u00e9seau D\u2019Artagnan).<\/span><\/p>\n<p><span style=\"font-weight: 400; font-size: large;\"><\/span><\/p>\n<p>&nbsp;<\/p>\n<p><span style=\"font-weight: 400; font-size: large;\">\u00a0<\/span><\/p>\n<ul>\n<li aria-level=\"1\"><span style=\"font-size: large;\"><b><\/b><\/span><\/li>\n<\/ul>\n<p>&nbsp;<\/p>\n<p>[\/et_pb_text][\/et_pb_column][\/et_pb_row][\/et_pb_section][et_pb_section fb_built=\u00a0\u00bb1&Prime; admin_label=\u00a0\u00bbSection\u00a0\u00bb _builder_version=\u00a0\u00bb4.16&Prime; global_colors_info=\u00a0\u00bb{}\u00a0\u00bb][et_pb_row admin_label=\u00a0\u00bbLigne\u00a0\u00bb _builder_version=\u00a0\u00bb4.16&Prime; background_size=\u00a0\u00bbinitial\u00a0\u00bb background_position=\u00a0\u00bbtop_left\u00a0\u00bb background_repeat=\u00a0\u00bbrepeat\u00a0\u00bb global_colors_info=\u00a0\u00bb{}\u00a0\u00bb][et_pb_column type=\u00a0\u00bb4_4&Prime; _builder_version=\u00a0\u00bb4.16&Prime; custom_padding=\u00a0\u00bb|||\u00a0\u00bb global_colors_info=\u00a0\u00bb{}\u00a0\u00bb custom_padding__hover=\u00a0\u00bb|||\u00a0\u00bb][\/et_pb_column][\/et_pb_row][\/et_pb_section]<\/p>\n","protected":false},"excerpt":{"rendered":"<p>Magic Land Th\u00e9\u00e2tre LES GRANDES ETAPES DE L&rsquo;HISTOIRE DE LA COMPAGNIE :\u00a0 Et\u00e9 68 : d\u2019Avignon \u00e0 Ibiza Image d\u2019\u00e9pinal : \u00e0 l\u2019\u00e9t\u00e9 1968, Patrick Chaboud d\u00e9barque, sac au dos [&hellip;]<\/p>\n","protected":false},"author":2,"featured_media":0,"parent":0,"menu_order":0,"comment_status":"closed","ping_status":"closed","template":"","meta":{"_et_pb_use_builder":"on","_et_pb_old_content":"","_et_gb_content_width":"","footnotes":""},"class_list":["post-7288","page","type-page","status-publish","hentry"],"yoast_head":"<!-- This site is optimized with the Yoast SEO plugin v26.6 - https:\/\/yoast.com\/wordpress\/plugins\/seo\/ -->\n<title>Histoire<\/title>\n<meta name=\"robots\" content=\"index, follow, max-snippet:-1, max-image-preview:large, max-video-preview:-1\" \/>\n<link rel=\"canonical\" href=\"https:\/\/www.magicland-theatre.com\/wordpress\/histoire\/\" \/>\n<meta property=\"og:locale\" content=\"fr_FR\" \/>\n<meta property=\"og:type\" content=\"article\" \/>\n<meta property=\"og:title\" content=\"Histoire\" \/>\n<meta property=\"og:url\" content=\"https:\/\/www.magicland-theatre.com\/wordpress\/histoire\/\" \/>\n<meta property=\"og:site_name\" content=\"Le Magic Land Th\u00e9\u00e2tre\" \/>\n<meta property=\"article:publisher\" content=\"https:\/\/www.facebook.com\/magicland.mlt\/\" \/>\n<meta property=\"article:modified_time\" content=\"2023-02-04T10:10:23+00:00\" \/>\n<meta property=\"og:image\" content=\"https:\/\/www.magicland-theatre.com\/wordpress\/wp-content\/uploads\/2013\/05\/logo-debout.jpg\" \/>\n\t<meta property=\"og:image:width\" content=\"591\" \/>\n\t<meta property=\"og:image:height\" content=\"843\" \/>\n\t<meta property=\"og:image:type\" content=\"image\/jpeg\" \/>\n<meta name=\"twitter:card\" content=\"summary_large_image\" \/>\n<meta name=\"twitter:site\" content=\"@MagicLandMlt\" \/>\n<script type=\"application\/ld+json\" class=\"yoast-schema-graph\">{\"@context\":\"https:\/\/schema.org\",\"@graph\":[{\"@type\":\"WebPage\",\"@id\":\"https:\/\/www.magicland-theatre.com\/wordpress\/histoire\/\",\"url\":\"https:\/\/www.magicland-theatre.com\/wordpress\/histoire\/\",\"name\":\"Histoire\",\"isPartOf\":{\"@id\":\"https:\/\/www.magicland-theatre.com\/wordpress\/#website\"},\"datePublished\":\"2022-11-03T12:26:16+00:00\",\"dateModified\":\"2023-02-04T10:10:23+00:00\",\"breadcrumb\":{\"@id\":\"https:\/\/www.magicland-theatre.com\/wordpress\/histoire\/#breadcrumb\"},\"inLanguage\":\"fr-FR\",\"potentialAction\":[{\"@type\":\"ReadAction\",\"target\":[\"https:\/\/www.magicland-theatre.com\/wordpress\/histoire\/\"]}]},{\"@type\":\"BreadcrumbList\",\"@id\":\"https:\/\/www.magicland-theatre.com\/wordpress\/histoire\/#breadcrumb\",\"itemListElement\":[{\"@type\":\"ListItem\",\"position\":1,\"name\":\"Homepage\",\"item\":\"https:\/\/www.magicland-theatre.com\/wordpress\/\"},{\"@type\":\"ListItem\",\"position\":2,\"name\":\"Histoire\"}]},{\"@type\":\"WebSite\",\"@id\":\"https:\/\/www.magicland-theatre.com\/wordpress\/#website\",\"url\":\"https:\/\/www.magicland-theatre.com\/wordpress\/\",\"name\":\"Le Magic Land Th\u00e9\u00e2tre\",\"description\":\"Une seule devise : le rire !\",\"publisher\":{\"@id\":\"https:\/\/www.magicland-theatre.com\/wordpress\/#organization\"},\"potentialAction\":[{\"@type\":\"SearchAction\",\"target\":{\"@type\":\"EntryPoint\",\"urlTemplate\":\"https:\/\/www.magicland-theatre.com\/wordpress\/?s={search_term_string}\"},\"query-input\":{\"@type\":\"PropertyValueSpecification\",\"valueRequired\":true,\"valueName\":\"search_term_string\"}}],\"inLanguage\":\"fr-FR\"},{\"@type\":\"Organization\",\"@id\":\"https:\/\/www.magicland-theatre.com\/wordpress\/#organization\",\"name\":\"Le Magic Land Th\u00e9\u00e2tre\",\"url\":\"https:\/\/www.magicland-theatre.com\/wordpress\/\",\"logo\":{\"@type\":\"ImageObject\",\"inLanguage\":\"fr-FR\",\"@id\":\"https:\/\/www.magicland-theatre.com\/wordpress\/#\/schema\/logo\/image\/\",\"url\":\"https:\/\/www.magicland-theatre.com\/wordpress\/wp-content\/uploads\/2013\/05\/logo-debout.jpg\",\"contentUrl\":\"https:\/\/www.magicland-theatre.com\/wordpress\/wp-content\/uploads\/2013\/05\/logo-debout.jpg\",\"width\":591,\"height\":843,\"caption\":\"Le Magic Land Th\u00e9\u00e2tre\"},\"image\":{\"@id\":\"https:\/\/www.magicland-theatre.com\/wordpress\/#\/schema\/logo\/image\/\"},\"sameAs\":[\"https:\/\/www.facebook.com\/magicland.mlt\/\",\"https:\/\/x.com\/MagicLandMlt\",\"https:\/\/www.instagram.com\/magiclandtheatre\/\",\"https:\/\/www.linkedin.com\/in\/magic-land-thtre-35a04a6a?trk=hp-identity-name\",\"https:\/\/www.youtube.com\/channel\/UCh1EgBwX4wwlnXsK4xQXBEw\"]}]}<\/script>\n<!-- \/ Yoast SEO plugin. -->","yoast_head_json":{"title":"Histoire","robots":{"index":"index","follow":"follow","max-snippet":"max-snippet:-1","max-image-preview":"max-image-preview:large","max-video-preview":"max-video-preview:-1"},"canonical":"https:\/\/www.magicland-theatre.com\/wordpress\/histoire\/","og_locale":"fr_FR","og_type":"article","og_title":"Histoire","og_url":"https:\/\/www.magicland-theatre.com\/wordpress\/histoire\/","og_site_name":"Le Magic Land Th\u00e9\u00e2tre","article_publisher":"https:\/\/www.facebook.com\/magicland.mlt\/","article_modified_time":"2023-02-04T10:10:23+00:00","og_image":[{"width":591,"height":843,"url":"https:\/\/www.magicland-theatre.com\/wordpress\/wp-content\/uploads\/2013\/05\/logo-debout.jpg","type":"image\/jpeg"}],"twitter_card":"summary_large_image","twitter_site":"@MagicLandMlt","schema":{"@context":"https:\/\/schema.org","@graph":[{"@type":"WebPage","@id":"https:\/\/www.magicland-theatre.com\/wordpress\/histoire\/","url":"https:\/\/www.magicland-theatre.com\/wordpress\/histoire\/","name":"Histoire","isPartOf":{"@id":"https:\/\/www.magicland-theatre.com\/wordpress\/#website"},"datePublished":"2022-11-03T12:26:16+00:00","dateModified":"2023-02-04T10:10:23+00:00","breadcrumb":{"@id":"https:\/\/www.magicland-theatre.com\/wordpress\/histoire\/#breadcrumb"},"inLanguage":"fr-FR","potentialAction":[{"@type":"ReadAction","target":["https:\/\/www.magicland-theatre.com\/wordpress\/histoire\/"]}]},{"@type":"BreadcrumbList","@id":"https:\/\/www.magicland-theatre.com\/wordpress\/histoire\/#breadcrumb","itemListElement":[{"@type":"ListItem","position":1,"name":"Homepage","item":"https:\/\/www.magicland-theatre.com\/wordpress\/"},{"@type":"ListItem","position":2,"name":"Histoire"}]},{"@type":"WebSite","@id":"https:\/\/www.magicland-theatre.com\/wordpress\/#website","url":"https:\/\/www.magicland-theatre.com\/wordpress\/","name":"Le Magic Land Th\u00e9\u00e2tre","description":"Une seule devise : le rire !","publisher":{"@id":"https:\/\/www.magicland-theatre.com\/wordpress\/#organization"},"potentialAction":[{"@type":"SearchAction","target":{"@type":"EntryPoint","urlTemplate":"https:\/\/www.magicland-theatre.com\/wordpress\/?s={search_term_string}"},"query-input":{"@type":"PropertyValueSpecification","valueRequired":true,"valueName":"search_term_string"}}],"inLanguage":"fr-FR"},{"@type":"Organization","@id":"https:\/\/www.magicland-theatre.com\/wordpress\/#organization","name":"Le Magic Land Th\u00e9\u00e2tre","url":"https:\/\/www.magicland-theatre.com\/wordpress\/","logo":{"@type":"ImageObject","inLanguage":"fr-FR","@id":"https:\/\/www.magicland-theatre.com\/wordpress\/#\/schema\/logo\/image\/","url":"https:\/\/www.magicland-theatre.com\/wordpress\/wp-content\/uploads\/2013\/05\/logo-debout.jpg","contentUrl":"https:\/\/www.magicland-theatre.com\/wordpress\/wp-content\/uploads\/2013\/05\/logo-debout.jpg","width":591,"height":843,"caption":"Le Magic Land Th\u00e9\u00e2tre"},"image":{"@id":"https:\/\/www.magicland-theatre.com\/wordpress\/#\/schema\/logo\/image\/"},"sameAs":["https:\/\/www.facebook.com\/magicland.mlt\/","https:\/\/x.com\/MagicLandMlt","https:\/\/www.instagram.com\/magiclandtheatre\/","https:\/\/www.linkedin.com\/in\/magic-land-thtre-35a04a6a?trk=hp-identity-name","https:\/\/www.youtube.com\/channel\/UCh1EgBwX4wwlnXsK4xQXBEw"]}]}},"_links":{"self":[{"href":"https:\/\/www.magicland-theatre.com\/wordpress\/wp-json\/wp\/v2\/pages\/7288","targetHints":{"allow":["GET"]}}],"collection":[{"href":"https:\/\/www.magicland-theatre.com\/wordpress\/wp-json\/wp\/v2\/pages"}],"about":[{"href":"https:\/\/www.magicland-theatre.com\/wordpress\/wp-json\/wp\/v2\/types\/page"}],"author":[{"embeddable":true,"href":"https:\/\/www.magicland-theatre.com\/wordpress\/wp-json\/wp\/v2\/users\/2"}],"replies":[{"embeddable":true,"href":"https:\/\/www.magicland-theatre.com\/wordpress\/wp-json\/wp\/v2\/comments?post=7288"}],"version-history":[{"count":6,"href":"https:\/\/www.magicland-theatre.com\/wordpress\/wp-json\/wp\/v2\/pages\/7288\/revisions"}],"predecessor-version":[{"id":7994,"href":"https:\/\/www.magicland-theatre.com\/wordpress\/wp-json\/wp\/v2\/pages\/7288\/revisions\/7994"}],"wp:attachment":[{"href":"https:\/\/www.magicland-theatre.com\/wordpress\/wp-json\/wp\/v2\/media?parent=7288"}],"curies":[{"name":"wp","href":"https:\/\/api.w.org\/{rel}","templated":true}]}}