{"id":3789,"date":"2018-01-17T15:27:28","date_gmt":"2018-01-17T14:27:28","guid":{"rendered":"http:\/\/www.magicland-theatre.com\/wordpress\/?page_id=3789"},"modified":"2018-01-17T15:42:57","modified_gmt":"2018-01-17T14:42:57","slug":"sauvons-magic-land-theatre","status":"publish","type":"page","link":"https:\/\/www.magicland-theatre.com\/wordpress\/sauvons-magic-land-theatre\/","title":{"rendered":"Sauvons Le Magic Land Th\u00e9\u00e2tre"},"content":{"rendered":"<p>[et_pb_section fb_built=\u00a0\u00bb1&Prime; _builder_version=\u00a0\u00bb3.0.91&Prime;][et_pb_row _builder_version=\u00a0\u00bb3.0.91&Prime;][et_pb_column type=\u00a0\u00bb4_4&Prime; _builder_version=\u00a0\u00bb3.0.47&Prime; parallax=\u00a0\u00bboff\u00a0\u00bb parallax_method=\u00a0\u00bbon\u00a0\u00bb][et_pb_text _builder_version=\u00a0\u00bb3.0.91&Prime;]<\/p>\n<p>Chers spectateurs,<\/p>\n<p>La d\u00e9cision finale de la ministre Gr\u00e9oli est tomb\u00e9e, n\u00e9gative et brutale.<br \/>\nElle confirme son refus de nous accorder un contrat-programme, nous privant d\u00e9finitivement d\u2019une subvention de fonctionnement.<br \/>\nAinsi donc malgr\u00e9 notre entrevue,<br \/>\nMalgr\u00e9 le dossier r\u00e9dig\u00e9 par notre avocat,<br \/>\nMalgr\u00e9 la p\u00e9tition qui aura recueilli pr\u00e8s de 10000 t\u00e9moignages et signatures,<br \/>\nMalgr\u00e9 l\u2019intervention et le soutien de nombreuses personnalit\u00e9s du monde associatif, culturel, enseignant et politique, la ministre provisoirement en fonction maintient sa position qui confine \u00e0 l\u2019obstination, au parti-pris, au m\u00e9pris du th\u00e9\u00e2tre populaire que nous pratiquons depuis 40 ans.<\/p>\n<p>Elle a choisi d\u00e9lib\u00e9r\u00e9ment de tuer froidement notre compagnie. Elle pr\u00e9tend nous orienter vers des \u00ab aides pluriannuelles \u00bb. Ces formules de subventionnement ne sont que des leurres. Elles ont \u00e9t\u00e9 \u00e9labor\u00e9es pour aider des jeunes compagnies \u00e0 cr\u00e9er des spectacles ponctuels mais ne peuvent en rien couvrir le fonctionnement d\u2019une compagnie comme la n\u00f4tre.<\/p>\n<p><strong>Un avenir tr\u00e8s sombre<\/strong><\/p>\n<p>Nous refusons l\u2019injustice. Nous refusons de mourir. Nous allons continuer \u00e0 nous battre et, plus que jamais, nous aurons besoin de vous.<br \/>\nCe combat implique des d\u00e9cisions radicales, douloureuses.<br \/>\nNous avons entam\u00e9 la proc\u00e9dure de licenciement de 3 de nos collaborateurs historiques, ce qui revient \u00e0 d\u00e9capiter une \u00e9quipe de base d\u00e9j\u00e0 beaucoup trop r\u00e9duite pour assumer sereinement le fonctionnement quotidien du Magic Land.<\/p>\n<p><strong>Nous avons d\u00e9cid\u00e9 plusieurs actions :<\/strong><\/p>\n<ol>\n<li>Tr\u00e8s bient\u00f4t, nous organiserons un cort\u00e8ge populaire, une manifestation jusqu\u2019au cabinet de la tr\u00e8s provisoire ministre de la culture pour lui remettre votre p\u00e9tition. Nous esp\u00e9rons vous voir nombreux ce jour-l\u00e0 \u00e0 nos c\u00f4t\u00e9s. Nous vous informerons tr\u00e8s vite de la date.<\/li>\n<li>Au risque d\u2019encore une fois solliciter votre g\u00e9n\u00e9rosit\u00e9, nous allons, d\u00e8s Spartakis, vous proposer <strong>des places de soutien de 30 \u00e0 50\u20ac.<\/strong> Cette politique tarifaire ne remet pas en question le prix habituel de nos places et ne s\u2019adresse \u00e9videmment qu\u2019\u00e0 ceux qui peuvent se le permettre\u2026 Malheureusement c\u2019est un tarif plus r\u00e9aliste, qui tient mieux compte de nos co\u00fbts de production et c\u2019est ce bonus qui nous permettra de tenir au moins jusqu\u2019\u00e0 la fin de l\u2019ann\u00e9e.<\/li>\n<li>Nous allons mettre en place plusieurs soir\u00e9es de rencontre avec vous. Vous avez \u00e9t\u00e9s extr\u00eamement nombreux \u00e0 nous envoyer des signes d\u2019amiti\u00e9, de solidarit\u00e9 et \u00e0 nous demander de quelle fa\u00e7on vous pouviez aussi vous impliquer dans notre combat. Ces tables rondes nous permettront de mieux vous connaitre, d\u2019\u00e9changer des comp\u00e9tences, des contacts, des collaborations ponctuelles ou de partager un peu de temps libre\u2026 Nous ne voulons n\u00e9gliger aucune piste, persuad\u00e9s que vous \u00eates notre plus grande richesse. R\u00e9fl\u00e9chissons ensemble \u00e0 d\u2019autres alternatives, \u00e0 de nouveaux projets. Du secteur priv\u00e9, nous parviennent d\u00e9j\u00e0 des encouragements et des engagements concrets. Tout sponsoring est \u00e9videmment le bienvenu. Pour ces rencontres il est important que vous vous signaliez pr\u00e9alablement pour manifester votre int\u00e9r\u00eat et pourquoi pas d\u00e9j\u00e0 votre proposition. Je vous propose donc de le faire en renvoyant un mail \u00e0 <a href=\"http:\/\/eye.sbc36.com\/c?p=xBDQik_Q2FfQxtC70NJF0KzQoXhV0JcMZtCvxBAg0Ml0V9Cx0LrQ0EnQlNCKOtClCdDccNDB2SRtYWlsdG86am9oYW5uZUBtYWdpY2xhbmQtdGhlYXRyZS5jb22kNzI2OMQQ0M7QimwuINC6XEnQmgzQnVVJANCmEa1leWUuc2JjMzYuY29txBTQ2m_QrNDd0I3o0Jbz0J0K0NvQs9DeF9Cy0Nc40NJJ5Q\">johanne@magicland-theatre.com<\/a><\/li>\n<li>Pour ceux qui ont l&rsquo;envie d&rsquo;\u00eatre tenu au courant de ces activit\u00e9s et pour ne pas\u00a0abreuver de messages inutiles ceux qui sont moins concern\u00e9s par notre aventure, nous allons cr\u00e9er une nouvelle page Facebook qui permettra \u00e0 nos amis et sympathisants d\u2019\u00eatre tenus inform\u00e9s, au jour le jour, de l\u2019\u00e9volution de la situation.<\/li>\n<\/ol>\n<p>Merci \u00e0 tous.<\/p>\n<p><strong>Patrick Chaboud<\/strong><br \/>\nDirecteur artisitique du Magic Land Th\u00e9\u00e2tre<\/p>\n<p>[\/et_pb_text][\/et_pb_column][\/et_pb_row][et_pb_row _builder_version=\u00a0\u00bb3.0.91&Prime;][et_pb_column type=\u00a0\u00bb4_4&Prime; _builder_version=\u00a0\u00bb3.0.47&Prime; parallax=\u00a0\u00bboff\u00a0\u00bb parallax_method=\u00a0\u00bbon\u00a0\u00bb][et_pb_cta button_url=\u00a0\u00bbhttps:\/\/www.facebook.com\/Sauvons-le-Magic-Land-Th%C3%A9%C3%A2tre-311487449360389\/?modal=admin_todo_tour\u00a0\u00bb url_new_window=\u00a0\u00bbon\u00a0\u00bb button_text=\u00a0\u00bbSauvons le Magic Land Th\u00e9\u00e2tre\u00a0\u00bb use_background_color=\u00a0\u00bboff\u00a0\u00bb _builder_version=\u00a0\u00bb3.0.91&Prime; max_width=\u00a0\u00bb58%\u00a0\u00bb module_alignment=\u00a0\u00bbcenter\u00a0\u00bb header_font=\u00a0\u00bb||||||||\u00a0\u00bb body_font=\u00a0\u00bb||||||||\u00a0\u00bb]\u00a0<br \/>\n[\/et_pb_cta][et_pb_cta button_url=\u00a0\u00bbhttp:\/\/www.magicland-theatre.com\/wordpress\/petit-precis-dune-prise-de-decision-ministerielle-a-lattention-dun-neophyte\/\u00a0\u00bb url_new_window=\u00a0\u00bbon\u00a0\u00bb button_text=\u00a0\u00bbPour en savoir plus sur la d\u00e9cision de la ministre et ses cons\u00e9quences\u00a0\u00bb use_background_color=\u00a0\u00bboff\u00a0\u00bb _builder_version=\u00a0\u00bb3.0.91&Prime; max_width=\u00a0\u00bb58%\u00a0\u00bb module_alignment=\u00a0\u00bbcenter\u00a0\u00bb header_font=\u00a0\u00bb||||||||\u00a0\u00bb body_font=\u00a0\u00bb||||||||\u00a0\u00bb]\u00a0<br \/>\n[\/et_pb_cta][\/et_pb_column][\/et_pb_row][\/et_pb_section][et_pb_section fb_built=\u00a0\u00bb1&Prime; _builder_version=\u00a0\u00bb3.0.47&Prime;][et_pb_row _builder_version=\u00a0\u00bb3.0.47&Prime; background_size=\u00a0\u00bbinitial\u00a0\u00bb background_position=\u00a0\u00bbtop_left\u00a0\u00bb background_repeat=\u00a0\u00bbrepeat\u00a0\u00bb][et_pb_column type=\u00a0\u00bb4_4&Prime; _builder_version=\u00a0\u00bb3.0.47&Prime; parallax=\u00a0\u00bboff\u00a0\u00bb parallax_method=\u00a0\u00bbon\u00a0\u00bb][et_pb_image src=\u00a0\u00bbhttp:\/\/www.magicland-theatre.com\/wordpress\/wp-content\/uploads\/2016\/06\/patrick-smile.jpg\u00a0\u00bb align=\u00a0\u00bbcenter\u00a0\u00bb _builder_version=\u00a0\u00bb3.0.88&Prime;]\u00a0<br \/>\n[\/et_pb_image][et_pb_text _builder_version=\u00a0\u00bb3.0.88&Prime;]<\/p>\n<h4><strong>Pour nous aider, vous pouvez signer cette p\u00e9tition :<\/strong><\/h4>\n<p><span style=\"color: #ff0000;\"><a href=\"https:\/\/www.petitions24.net\/sauvons_le_magic_land_theatre\">https:\/\/www.petitions24.net\/sauvons_le_magic_land_theatre<\/a><\/span><\/p>\n<p>[\/et_pb_text][\/et_pb_column][\/et_pb_row][\/et_pb_section]<\/p>\n","protected":false},"excerpt":{"rendered":"<p>Chers spectateurs, La d\u00e9cision finale de la ministre Gr\u00e9oli est tomb\u00e9e, n\u00e9gative et brutale. Elle confirme son refus de nous accorder un contrat-programme, nous privant d\u00e9finitivement d\u2019une subvention de fonctionnement. [&hellip;]<\/p>\n","protected":false},"author":2,"featured_media":0,"parent":0,"menu_order":0,"comment_status":"closed","ping_status":"closed","template":"","meta":{"_et_pb_use_builder":"on","_et_pb_old_content":"","_et_gb_content_width":"","footnotes":""},"class_list":["post-3789","page","type-page","status-publish","hentry"],"yoast_head":"<!-- This site is optimized with the Yoast SEO plugin v26.6 - https:\/\/yoast.com\/wordpress\/plugins\/seo\/ -->\n<title>Sauvons Le Magic Land Th\u00e9\u00e2tre<\/title>\n<meta name=\"robots\" content=\"index, follow, max-snippet:-1, max-image-preview:large, max-video-preview:-1\" \/>\n<link rel=\"canonical\" href=\"https:\/\/www.magicland-theatre.com\/wordpress\/sauvons-magic-land-theatre\/\" \/>\n<meta property=\"og:locale\" content=\"fr_FR\" \/>\n<meta property=\"og:type\" content=\"article\" \/>\n<meta property=\"og:title\" content=\"Sauvons Le Magic Land Th\u00e9\u00e2tre\" \/>\n<meta property=\"og:url\" content=\"https:\/\/www.magicland-theatre.com\/wordpress\/sauvons-magic-land-theatre\/\" \/>\n<meta property=\"og:site_name\" content=\"Le Magic Land Th\u00e9\u00e2tre\" \/>\n<meta property=\"article:publisher\" content=\"https:\/\/www.facebook.com\/magicland.mlt\/\" \/>\n<meta property=\"article:modified_time\" content=\"2018-01-17T14:42:57+00:00\" \/>\n<meta property=\"og:image\" content=\"https:\/\/www.magicland-theatre.com\/wordpress\/wp-content\/uploads\/2013\/05\/logo-debout.jpg\" \/>\n\t<meta property=\"og:image:width\" content=\"591\" \/>\n\t<meta property=\"og:image:height\" content=\"843\" \/>\n\t<meta property=\"og:image:type\" content=\"image\/jpeg\" \/>\n<meta name=\"twitter:card\" content=\"summary_large_image\" \/>\n<meta name=\"twitter:site\" content=\"@MagicLandMlt\" \/>\n<meta name=\"twitter:label1\" content=\"Dur\u00e9e de lecture estim\u00e9e\" \/>\n\t<meta name=\"twitter:data1\" content=\"4 minutes\" \/>\n<script type=\"application\/ld+json\" class=\"yoast-schema-graph\">{\"@context\":\"https:\/\/schema.org\",\"@graph\":[{\"@type\":\"WebPage\",\"@id\":\"https:\/\/www.magicland-theatre.com\/wordpress\/sauvons-magic-land-theatre\/\",\"url\":\"https:\/\/www.magicland-theatre.com\/wordpress\/sauvons-magic-land-theatre\/\",\"name\":\"Sauvons Le Magic Land Th\u00e9\u00e2tre\",\"isPartOf\":{\"@id\":\"https:\/\/www.magicland-theatre.com\/wordpress\/#website\"},\"datePublished\":\"2018-01-17T14:27:28+00:00\",\"dateModified\":\"2018-01-17T14:42:57+00:00\",\"breadcrumb\":{\"@id\":\"https:\/\/www.magicland-theatre.com\/wordpress\/sauvons-magic-land-theatre\/#breadcrumb\"},\"inLanguage\":\"fr-FR\",\"potentialAction\":[{\"@type\":\"ReadAction\",\"target\":[\"https:\/\/www.magicland-theatre.com\/wordpress\/sauvons-magic-land-theatre\/\"]}]},{\"@type\":\"BreadcrumbList\",\"@id\":\"https:\/\/www.magicland-theatre.com\/wordpress\/sauvons-magic-land-theatre\/#breadcrumb\",\"itemListElement\":[{\"@type\":\"ListItem\",\"position\":1,\"name\":\"Homepage\",\"item\":\"https:\/\/www.magicland-theatre.com\/wordpress\/\"},{\"@type\":\"ListItem\",\"position\":2,\"name\":\"Sauvons Le Magic Land Th\u00e9\u00e2tre\"}]},{\"@type\":\"WebSite\",\"@id\":\"https:\/\/www.magicland-theatre.com\/wordpress\/#website\",\"url\":\"https:\/\/www.magicland-theatre.com\/wordpress\/\",\"name\":\"Le Magic Land Th\u00e9\u00e2tre\",\"description\":\"Une seule devise : le rire !\",\"publisher\":{\"@id\":\"https:\/\/www.magicland-theatre.com\/wordpress\/#organization\"},\"potentialAction\":[{\"@type\":\"SearchAction\",\"target\":{\"@type\":\"EntryPoint\",\"urlTemplate\":\"https:\/\/www.magicland-theatre.com\/wordpress\/?s={search_term_string}\"},\"query-input\":{\"@type\":\"PropertyValueSpecification\",\"valueRequired\":true,\"valueName\":\"search_term_string\"}}],\"inLanguage\":\"fr-FR\"},{\"@type\":\"Organization\",\"@id\":\"https:\/\/www.magicland-theatre.com\/wordpress\/#organization\",\"name\":\"Le Magic Land Th\u00e9\u00e2tre\",\"url\":\"https:\/\/www.magicland-theatre.com\/wordpress\/\",\"logo\":{\"@type\":\"ImageObject\",\"inLanguage\":\"fr-FR\",\"@id\":\"https:\/\/www.magicland-theatre.com\/wordpress\/#\/schema\/logo\/image\/\",\"url\":\"https:\/\/www.magicland-theatre.com\/wordpress\/wp-content\/uploads\/2013\/05\/logo-debout.jpg\",\"contentUrl\":\"https:\/\/www.magicland-theatre.com\/wordpress\/wp-content\/uploads\/2013\/05\/logo-debout.jpg\",\"width\":591,\"height\":843,\"caption\":\"Le Magic Land Th\u00e9\u00e2tre\"},\"image\":{\"@id\":\"https:\/\/www.magicland-theatre.com\/wordpress\/#\/schema\/logo\/image\/\"},\"sameAs\":[\"https:\/\/www.facebook.com\/magicland.mlt\/\",\"https:\/\/x.com\/MagicLandMlt\",\"https:\/\/www.instagram.com\/magiclandtheatre\/\",\"https:\/\/www.linkedin.com\/in\/magic-land-thtre-35a04a6a?trk=hp-identity-name\",\"https:\/\/www.youtube.com\/channel\/UCh1EgBwX4wwlnXsK4xQXBEw\"]}]}<\/script>\n<!-- \/ Yoast SEO plugin. -->","yoast_head_json":{"title":"Sauvons Le Magic Land Th\u00e9\u00e2tre","robots":{"index":"index","follow":"follow","max-snippet":"max-snippet:-1","max-image-preview":"max-image-preview:large","max-video-preview":"max-video-preview:-1"},"canonical":"https:\/\/www.magicland-theatre.com\/wordpress\/sauvons-magic-land-theatre\/","og_locale":"fr_FR","og_type":"article","og_title":"Sauvons Le Magic Land Th\u00e9\u00e2tre","og_url":"https:\/\/www.magicland-theatre.com\/wordpress\/sauvons-magic-land-theatre\/","og_site_name":"Le Magic Land Th\u00e9\u00e2tre","article_publisher":"https:\/\/www.facebook.com\/magicland.mlt\/","article_modified_time":"2018-01-17T14:42:57+00:00","og_image":[{"width":591,"height":843,"url":"https:\/\/www.magicland-theatre.com\/wordpress\/wp-content\/uploads\/2013\/05\/logo-debout.jpg","type":"image\/jpeg"}],"twitter_card":"summary_large_image","twitter_site":"@MagicLandMlt","twitter_misc":{"Dur\u00e9e de lecture estim\u00e9e":"4 minutes"},"schema":{"@context":"https:\/\/schema.org","@graph":[{"@type":"WebPage","@id":"https:\/\/www.magicland-theatre.com\/wordpress\/sauvons-magic-land-theatre\/","url":"https:\/\/www.magicland-theatre.com\/wordpress\/sauvons-magic-land-theatre\/","name":"Sauvons Le Magic Land Th\u00e9\u00e2tre","isPartOf":{"@id":"https:\/\/www.magicland-theatre.com\/wordpress\/#website"},"datePublished":"2018-01-17T14:27:28+00:00","dateModified":"2018-01-17T14:42:57+00:00","breadcrumb":{"@id":"https:\/\/www.magicland-theatre.com\/wordpress\/sauvons-magic-land-theatre\/#breadcrumb"},"inLanguage":"fr-FR","potentialAction":[{"@type":"ReadAction","target":["https:\/\/www.magicland-theatre.com\/wordpress\/sauvons-magic-land-theatre\/"]}]},{"@type":"BreadcrumbList","@id":"https:\/\/www.magicland-theatre.com\/wordpress\/sauvons-magic-land-theatre\/#breadcrumb","itemListElement":[{"@type":"ListItem","position":1,"name":"Homepage","item":"https:\/\/www.magicland-theatre.com\/wordpress\/"},{"@type":"ListItem","position":2,"name":"Sauvons Le Magic Land Th\u00e9\u00e2tre"}]},{"@type":"WebSite","@id":"https:\/\/www.magicland-theatre.com\/wordpress\/#website","url":"https:\/\/www.magicland-theatre.com\/wordpress\/","name":"Le Magic Land Th\u00e9\u00e2tre","description":"Une seule devise : le rire !","publisher":{"@id":"https:\/\/www.magicland-theatre.com\/wordpress\/#organization"},"potentialAction":[{"@type":"SearchAction","target":{"@type":"EntryPoint","urlTemplate":"https:\/\/www.magicland-theatre.com\/wordpress\/?s={search_term_string}"},"query-input":{"@type":"PropertyValueSpecification","valueRequired":true,"valueName":"search_term_string"}}],"inLanguage":"fr-FR"},{"@type":"Organization","@id":"https:\/\/www.magicland-theatre.com\/wordpress\/#organization","name":"Le Magic Land Th\u00e9\u00e2tre","url":"https:\/\/www.magicland-theatre.com\/wordpress\/","logo":{"@type":"ImageObject","inLanguage":"fr-FR","@id":"https:\/\/www.magicland-theatre.com\/wordpress\/#\/schema\/logo\/image\/","url":"https:\/\/www.magicland-theatre.com\/wordpress\/wp-content\/uploads\/2013\/05\/logo-debout.jpg","contentUrl":"https:\/\/www.magicland-theatre.com\/wordpress\/wp-content\/uploads\/2013\/05\/logo-debout.jpg","width":591,"height":843,"caption":"Le Magic Land Th\u00e9\u00e2tre"},"image":{"@id":"https:\/\/www.magicland-theatre.com\/wordpress\/#\/schema\/logo\/image\/"},"sameAs":["https:\/\/www.facebook.com\/magicland.mlt\/","https:\/\/x.com\/MagicLandMlt","https:\/\/www.instagram.com\/magiclandtheatre\/","https:\/\/www.linkedin.com\/in\/magic-land-thtre-35a04a6a?trk=hp-identity-name","https:\/\/www.youtube.com\/channel\/UCh1EgBwX4wwlnXsK4xQXBEw"]}]}},"_links":{"self":[{"href":"https:\/\/www.magicland-theatre.com\/wordpress\/wp-json\/wp\/v2\/pages\/3789","targetHints":{"allow":["GET"]}}],"collection":[{"href":"https:\/\/www.magicland-theatre.com\/wordpress\/wp-json\/wp\/v2\/pages"}],"about":[{"href":"https:\/\/www.magicland-theatre.com\/wordpress\/wp-json\/wp\/v2\/types\/page"}],"author":[{"embeddable":true,"href":"https:\/\/www.magicland-theatre.com\/wordpress\/wp-json\/wp\/v2\/users\/2"}],"replies":[{"embeddable":true,"href":"https:\/\/www.magicland-theatre.com\/wordpress\/wp-json\/wp\/v2\/comments?post=3789"}],"version-history":[{"count":7,"href":"https:\/\/www.magicland-theatre.com\/wordpress\/wp-json\/wp\/v2\/pages\/3789\/revisions"}],"predecessor-version":[{"id":3804,"href":"https:\/\/www.magicland-theatre.com\/wordpress\/wp-json\/wp\/v2\/pages\/3789\/revisions\/3804"}],"wp:attachment":[{"href":"https:\/\/www.magicland-theatre.com\/wordpress\/wp-json\/wp\/v2\/media?parent=3789"}],"curies":[{"name":"wp","href":"https:\/\/api.w.org\/{rel}","templated":true}]}}