{"id":328,"date":"2013-06-25T12:12:16","date_gmt":"2013-06-25T12:12:16","guid":{"rendered":"http:\/\/www.magicland-theatre.com\/wordpress\/?page_id=328"},"modified":"2024-02-14T15:06:36","modified_gmt":"2024-02-14T14:06:36","slug":"evenementiel","status":"publish","type":"page","link":"https:\/\/www.magicland-theatre.com\/wordpress\/evenementiel\/","title":{"rendered":"Ev\u00e9nementiel"},"content":{"rendered":"<p>[et_pb_section fb_built=\u00a0\u00bb1&Prime; admin_label=\u00a0\u00bbsection\u00a0\u00bb _builder_version=\u00a0\u00bb4.16&Prime; global_colors_info=\u00a0\u00bb{}\u00a0\u00bb][et_pb_row admin_label=\u00a0\u00bbrow\u00a0\u00bb _builder_version=\u00a0\u00bb4.16&Prime; background_size=\u00a0\u00bbinitial\u00a0\u00bb background_position=\u00a0\u00bbtop_left\u00a0\u00bb background_repeat=\u00a0\u00bbrepeat\u00a0\u00bb global_colors_info=\u00a0\u00bb{}\u00a0\u00bb][et_pb_column type=\u00a0\u00bb4_4&Prime; _builder_version=\u00a0\u00bb4.16&Prime; custom_padding=\u00a0\u00bb|||\u00a0\u00bb global_colors_info=\u00a0\u00bb{}\u00a0\u00bb custom_padding__hover=\u00a0\u00bb|||\u00a0\u00bb][et_pb_image src=\u00a0\u00bbhttps:\/\/www.magicland-theatre.com\/wordpress\/wp-content\/uploads\/2013\/05\/Dscf2199.jpg\u00a0\u00bb align_tablet=\u00a0\u00bbcenter\u00a0\u00bb align_phone=\u00a0\u00bbcenter\u00a0\u00bb align_last_edited=\u00a0\u00bbon|desktop\u00a0\u00bb admin_label=\u00a0\u00bbImage\u00a0\u00bb _builder_version=\u00a0\u00bb4.16&Prime; animation_style=\u00a0\u00bbfade\u00a0\u00bb animation_duration=\u00a0\u00bb500ms\u00a0\u00bb custom_css_main_element=\u00a0\u00bb box-shadow: 8px 8px 12px #aaa;\u00a0\u00bb animation=\u00a0\u00bbfade_in\u00a0\u00bb sticky=\u00a0\u00bboff\u00a0\u00bb use_border_color=\u00a0\u00bboff\u00a0\u00bb border_color=\u00a0\u00bb#ffffff\u00a0\u00bb border_style=\u00a0\u00bbsolid\u00a0\u00bb global_colors_info=\u00a0\u00bb{}\u00a0\u00bb][\/et_pb_image][et_pb_text admin_label=\u00a0\u00bbTexte\u00a0\u00bb _builder_version=\u00a0\u00bb4.22.1&Prime; background_size=\u00a0\u00bbinitial\u00a0\u00bb background_position=\u00a0\u00bbtop_left\u00a0\u00bb background_repeat=\u00a0\u00bbrepeat\u00a0\u00bb hover_enabled=\u00a0\u00bb0&Prime; use_border_color=\u00a0\u00bboff\u00a0\u00bb border_color=\u00a0\u00bb#ffffff\u00a0\u00bb border_style=\u00a0\u00bbsolid\u00a0\u00bb global_colors_info=\u00a0\u00bb{}\u00a0\u00bb sticky_enabled=\u00a0\u00bb0&Prime;]<\/p>\n<p style=\"text-align: left;\"><span style=\"font-size: large;\">En plus de 40 ans, le Magic Land Th\u00e9\u00e2tre est devenu expert en mati\u00e8re d&rsquo;animation et de cr\u00e9ation d\u2019\u00e9v\u00e9nements. Une mission : le rire.<\/span><\/p>\n<p style=\"text-align: left;\"><span style=\"font-size: large;\">Une devise : s&rsquo;adapter \u00e0 tous les terrains et toutes les demandes ! Cocktails, inaugurations officielles, bapt\u00eames, mariages, conf\u00e9rences de presse, banquets, excursions, soir\u00e9es surprises, enterrements et plus si affinit\u00e9s.<\/span><\/p>\n<p align=\"center\"><span style=\"font-size: large;\"><strong>\u00ab\u00a0Et avec toute mon \u00e9quipe, je m&rsquo;y engage.\u00a0\u00bb<\/strong><\/span><\/p>\n<p align=\"center\"><span style=\"font-size: large;\"><strong>Patrick Chaboud-\u00a0Directeur Artistique<\/strong><\/span><\/p>\n<p align=\"left\"><span style=\"font-size: large;\">Rompues \u00e0 tous les terrains et \u00e0 toutes les techniques d\u2019improvisation, les brigades du Gag, issue du Magic Land Th\u00e9\u00e2tre regroupent aujourd&rsquo;hui une cinquantaine d&rsquo;artistes de disciplines diverses (com\u00e9diens, musiciens, danseurs, magiciens, chanteurs, \u00e9chassiers, cascadeurs, sc\u00e9nographe,&#8230;).<\/span><br \/><span style=\"font-size: large;\">Les Brigades du Gag vous proposent ainsi une infinit\u00e9 de personnages autonomes \u00e9voluant dans les soir\u00e9es parmi les invit\u00e9s.<\/span><\/p>\n<p align=\"left\"><span style=\"font-size: large;\">Contact : <a href=\"mailto:marquezgarcia.juan@gmail.com%20\">Juan Garcia Marquez\u00a0<\/a>ou <a href=\"tel:+320495261871\">0476215542<\/a><\/span><\/p>\n<p>[\/et_pb_text][et_pb_gallery gallery_ids=\u00a0\u00bb1388,608,609,610,1425,1424,1377,618,620,619,612,611,1781,1782,6761&Prime; fullwidth=\u00a0\u00bbon\u00a0\u00bb admin_label=\u00a0\u00bbGalerie\u00a0\u00bb _builder_version=\u00a0\u00bb4.18.0&Prime; caption_all_caps=\u00a0\u00bboff\u00a0\u00bb auto=\u00a0\u00bbon\u00a0\u00bb use_border_color=\u00a0\u00bboff\u00a0\u00bb border_color=\u00a0\u00bb#ffffff\u00a0\u00bb border_style=\u00a0\u00bbsolid\u00a0\u00bb global_colors_info=\u00a0\u00bb{}\u00a0\u00bb][\/et_pb_gallery][\/et_pb_column][\/et_pb_row][\/et_pb_section]<\/p>\n","protected":false},"excerpt":{"rendered":"<p>En plus de 40 ans, le Magic Land Th\u00e9\u00e2tre est devenu expert en mati\u00e8re d&rsquo;animation et de cr\u00e9ation d\u2019\u00e9v\u00e9nements. Une mission : le rire. Une devise : s&rsquo;adapter \u00e0 tous [&hellip;]<\/p>\n","protected":false},"author":2,"featured_media":0,"parent":0,"menu_order":0,"comment_status":"open","ping_status":"open","template":"","meta":{"_et_pb_use_builder":"on","_et_pb_old_content":"<p style=\"text-align: left;\"><a href=\"http:\/\/www.magicland-theatre.com\/wordpress\/wp-content\/uploads\/2013\/05\/guides002.jpg\"><img class=\" wp-image-614 alignleft\" src=\"http:\/\/www.magicland-theatre.com\/wordpress\/wp-content\/uploads\/2013\/05\/guides002.jpg\" alt=\"guides002\" width=\"158\" height=\"222\" \/><\/a>En 38 ans, le Magic Land Th\u00e9\u00e2tre est devenu expert en mati\u00e8re d'animation et de cr\u00e9ation d\u2019\u00e9v\u00e9nements. Une mission : le rire. Une devise : s'adapter \u00e0 tous les terrains et toutes les demandes ! Cocktails, inaugurations officielles, bapt\u00eames, mariages, conf\u00e9rences de presse, banquets, excursions, soir\u00e9es surprises, enterrements et plus si affinit\u00e9s.<\/p><p align=\"center\"><strong>Et avec toute mon \u00e9quipe, je m'y engage.<br \/> Patrick Chaboud<br \/> Directeur Artistique<\/strong><\/p><p align=\"left\">Rompues \u00e0 tous les terrains et \u00e0 toutes les techniques d\u2019improvisation, les brigades du Gag, issue du Magic Land Th\u00e9\u00e2tre regroupent aujourd'hui une cinquantaine d'artistes de disciplines diverses (com\u00e9diens, musiciens, danseurs, magiciens, chanteurs, \u00e9chassiers, cascadeurs, sc\u00e9nographe,...).<br \/> Les Brigades du Gag vous proposent ainsi une infinit\u00e9 de personnages autonomes \u00e9voluant dans les soir\u00e9es parmi les invit\u00e9s.<\/p><p>[gallery columns=\"8\" link=\"none\" ids=\"609,607,608,610,617,614,611,612,613,618,622,620,616,621,619,1852,1846,1841,1837,1787,1781,1783,1786,1425,1431,1427,1420,1385,1389,1388,1382,1377,1378,1386\"]<\/p>","_et_gb_content_width":"","footnotes":""},"class_list":["post-328","page","type-page","status-publish","hentry"],"yoast_head":"<!-- This site is optimized with the Yoast SEO plugin v26.6 - https:\/\/yoast.com\/wordpress\/plugins\/seo\/ -->\n<title>Ev\u00e9nementiel<\/title>\n<meta name=\"robots\" content=\"index, follow, max-snippet:-1, max-image-preview:large, max-video-preview:-1\" \/>\n<link rel=\"canonical\" href=\"https:\/\/www.magicland-theatre.com\/wordpress\/evenementiel\/\" \/>\n<meta property=\"og:locale\" content=\"fr_FR\" \/>\n<meta property=\"og:type\" content=\"article\" \/>\n<meta property=\"og:title\" content=\"Ev\u00e9nementiel\" \/>\n<meta property=\"og:url\" content=\"https:\/\/www.magicland-theatre.com\/wordpress\/evenementiel\/\" \/>\n<meta property=\"og:site_name\" content=\"Le Magic Land Th\u00e9\u00e2tre\" \/>\n<meta property=\"article:publisher\" content=\"https:\/\/www.facebook.com\/magicland.mlt\/\" \/>\n<meta property=\"article:modified_time\" content=\"2024-02-14T14:06:36+00:00\" \/>\n<meta property=\"og:image\" content=\"https:\/\/www.magicland-theatre.com\/wordpress\/wp-content\/uploads\/2013\/05\/logo-debout.jpg\" \/>\n\t<meta property=\"og:image:width\" content=\"591\" \/>\n\t<meta property=\"og:image:height\" content=\"843\" \/>\n\t<meta property=\"og:image:type\" content=\"image\/jpeg\" \/>\n<meta name=\"twitter:card\" content=\"summary_large_image\" \/>\n<meta name=\"twitter:site\" content=\"@MagicLandMlt\" \/>\n<meta name=\"twitter:label1\" content=\"Dur\u00e9e de lecture estim\u00e9e\" \/>\n\t<meta name=\"twitter:data1\" content=\"1 minute\" \/>\n<script type=\"application\/ld+json\" class=\"yoast-schema-graph\">{\"@context\":\"https:\/\/schema.org\",\"@graph\":[{\"@type\":\"WebPage\",\"@id\":\"https:\/\/www.magicland-theatre.com\/wordpress\/evenementiel\/\",\"url\":\"https:\/\/www.magicland-theatre.com\/wordpress\/evenementiel\/\",\"name\":\"Ev\u00e9nementiel\",\"isPartOf\":{\"@id\":\"https:\/\/www.magicland-theatre.com\/wordpress\/#website\"},\"datePublished\":\"2013-06-25T12:12:16+00:00\",\"dateModified\":\"2024-02-14T14:06:36+00:00\",\"breadcrumb\":{\"@id\":\"https:\/\/www.magicland-theatre.com\/wordpress\/evenementiel\/#breadcrumb\"},\"inLanguage\":\"fr-FR\",\"potentialAction\":[{\"@type\":\"ReadAction\",\"target\":[\"https:\/\/www.magicland-theatre.com\/wordpress\/evenementiel\/\"]}]},{\"@type\":\"BreadcrumbList\",\"@id\":\"https:\/\/www.magicland-theatre.com\/wordpress\/evenementiel\/#breadcrumb\",\"itemListElement\":[{\"@type\":\"ListItem\",\"position\":1,\"name\":\"Homepage\",\"item\":\"https:\/\/www.magicland-theatre.com\/wordpress\/\"},{\"@type\":\"ListItem\",\"position\":2,\"name\":\"Ev\u00e9nementiel\"}]},{\"@type\":\"WebSite\",\"@id\":\"https:\/\/www.magicland-theatre.com\/wordpress\/#website\",\"url\":\"https:\/\/www.magicland-theatre.com\/wordpress\/\",\"name\":\"Le Magic Land Th\u00e9\u00e2tre\",\"description\":\"Une seule devise : le rire !\",\"publisher\":{\"@id\":\"https:\/\/www.magicland-theatre.com\/wordpress\/#organization\"},\"potentialAction\":[{\"@type\":\"SearchAction\",\"target\":{\"@type\":\"EntryPoint\",\"urlTemplate\":\"https:\/\/www.magicland-theatre.com\/wordpress\/?s={search_term_string}\"},\"query-input\":{\"@type\":\"PropertyValueSpecification\",\"valueRequired\":true,\"valueName\":\"search_term_string\"}}],\"inLanguage\":\"fr-FR\"},{\"@type\":\"Organization\",\"@id\":\"https:\/\/www.magicland-theatre.com\/wordpress\/#organization\",\"name\":\"Le Magic Land Th\u00e9\u00e2tre\",\"url\":\"https:\/\/www.magicland-theatre.com\/wordpress\/\",\"logo\":{\"@type\":\"ImageObject\",\"inLanguage\":\"fr-FR\",\"@id\":\"https:\/\/www.magicland-theatre.com\/wordpress\/#\/schema\/logo\/image\/\",\"url\":\"https:\/\/www.magicland-theatre.com\/wordpress\/wp-content\/uploads\/2013\/05\/logo-debout.jpg\",\"contentUrl\":\"https:\/\/www.magicland-theatre.com\/wordpress\/wp-content\/uploads\/2013\/05\/logo-debout.jpg\",\"width\":591,\"height\":843,\"caption\":\"Le Magic Land Th\u00e9\u00e2tre\"},\"image\":{\"@id\":\"https:\/\/www.magicland-theatre.com\/wordpress\/#\/schema\/logo\/image\/\"},\"sameAs\":[\"https:\/\/www.facebook.com\/magicland.mlt\/\",\"https:\/\/x.com\/MagicLandMlt\",\"https:\/\/www.instagram.com\/magiclandtheatre\/\",\"https:\/\/www.linkedin.com\/in\/magic-land-thtre-35a04a6a?trk=hp-identity-name\",\"https:\/\/www.youtube.com\/channel\/UCh1EgBwX4wwlnXsK4xQXBEw\"]}]}<\/script>\n<!-- \/ Yoast SEO plugin. -->","yoast_head_json":{"title":"Ev\u00e9nementiel","robots":{"index":"index","follow":"follow","max-snippet":"max-snippet:-1","max-image-preview":"max-image-preview:large","max-video-preview":"max-video-preview:-1"},"canonical":"https:\/\/www.magicland-theatre.com\/wordpress\/evenementiel\/","og_locale":"fr_FR","og_type":"article","og_title":"Ev\u00e9nementiel","og_url":"https:\/\/www.magicland-theatre.com\/wordpress\/evenementiel\/","og_site_name":"Le Magic Land Th\u00e9\u00e2tre","article_publisher":"https:\/\/www.facebook.com\/magicland.mlt\/","article_modified_time":"2024-02-14T14:06:36+00:00","og_image":[{"width":591,"height":843,"url":"https:\/\/www.magicland-theatre.com\/wordpress\/wp-content\/uploads\/2013\/05\/logo-debout.jpg","type":"image\/jpeg"}],"twitter_card":"summary_large_image","twitter_site":"@MagicLandMlt","twitter_misc":{"Dur\u00e9e de lecture estim\u00e9e":"1 minute"},"schema":{"@context":"https:\/\/schema.org","@graph":[{"@type":"WebPage","@id":"https:\/\/www.magicland-theatre.com\/wordpress\/evenementiel\/","url":"https:\/\/www.magicland-theatre.com\/wordpress\/evenementiel\/","name":"Ev\u00e9nementiel","isPartOf":{"@id":"https:\/\/www.magicland-theatre.com\/wordpress\/#website"},"datePublished":"2013-06-25T12:12:16+00:00","dateModified":"2024-02-14T14:06:36+00:00","breadcrumb":{"@id":"https:\/\/www.magicland-theatre.com\/wordpress\/evenementiel\/#breadcrumb"},"inLanguage":"fr-FR","potentialAction":[{"@type":"ReadAction","target":["https:\/\/www.magicland-theatre.com\/wordpress\/evenementiel\/"]}]},{"@type":"BreadcrumbList","@id":"https:\/\/www.magicland-theatre.com\/wordpress\/evenementiel\/#breadcrumb","itemListElement":[{"@type":"ListItem","position":1,"name":"Homepage","item":"https:\/\/www.magicland-theatre.com\/wordpress\/"},{"@type":"ListItem","position":2,"name":"Ev\u00e9nementiel"}]},{"@type":"WebSite","@id":"https:\/\/www.magicland-theatre.com\/wordpress\/#website","url":"https:\/\/www.magicland-theatre.com\/wordpress\/","name":"Le Magic Land Th\u00e9\u00e2tre","description":"Une seule devise : le rire !","publisher":{"@id":"https:\/\/www.magicland-theatre.com\/wordpress\/#organization"},"potentialAction":[{"@type":"SearchAction","target":{"@type":"EntryPoint","urlTemplate":"https:\/\/www.magicland-theatre.com\/wordpress\/?s={search_term_string}"},"query-input":{"@type":"PropertyValueSpecification","valueRequired":true,"valueName":"search_term_string"}}],"inLanguage":"fr-FR"},{"@type":"Organization","@id":"https:\/\/www.magicland-theatre.com\/wordpress\/#organization","name":"Le Magic Land Th\u00e9\u00e2tre","url":"https:\/\/www.magicland-theatre.com\/wordpress\/","logo":{"@type":"ImageObject","inLanguage":"fr-FR","@id":"https:\/\/www.magicland-theatre.com\/wordpress\/#\/schema\/logo\/image\/","url":"https:\/\/www.magicland-theatre.com\/wordpress\/wp-content\/uploads\/2013\/05\/logo-debout.jpg","contentUrl":"https:\/\/www.magicland-theatre.com\/wordpress\/wp-content\/uploads\/2013\/05\/logo-debout.jpg","width":591,"height":843,"caption":"Le Magic Land Th\u00e9\u00e2tre"},"image":{"@id":"https:\/\/www.magicland-theatre.com\/wordpress\/#\/schema\/logo\/image\/"},"sameAs":["https:\/\/www.facebook.com\/magicland.mlt\/","https:\/\/x.com\/MagicLandMlt","https:\/\/www.instagram.com\/magiclandtheatre\/","https:\/\/www.linkedin.com\/in\/magic-land-thtre-35a04a6a?trk=hp-identity-name","https:\/\/www.youtube.com\/channel\/UCh1EgBwX4wwlnXsK4xQXBEw"]}]}},"_links":{"self":[{"href":"https:\/\/www.magicland-theatre.com\/wordpress\/wp-json\/wp\/v2\/pages\/328","targetHints":{"allow":["GET"]}}],"collection":[{"href":"https:\/\/www.magicland-theatre.com\/wordpress\/wp-json\/wp\/v2\/pages"}],"about":[{"href":"https:\/\/www.magicland-theatre.com\/wordpress\/wp-json\/wp\/v2\/types\/page"}],"author":[{"embeddable":true,"href":"https:\/\/www.magicland-theatre.com\/wordpress\/wp-json\/wp\/v2\/users\/2"}],"replies":[{"embeddable":true,"href":"https:\/\/www.magicland-theatre.com\/wordpress\/wp-json\/wp\/v2\/comments?post=328"}],"version-history":[{"count":37,"href":"https:\/\/www.magicland-theatre.com\/wordpress\/wp-json\/wp\/v2\/pages\/328\/revisions"}],"predecessor-version":[{"id":8884,"href":"https:\/\/www.magicland-theatre.com\/wordpress\/wp-json\/wp\/v2\/pages\/328\/revisions\/8884"}],"wp:attachment":[{"href":"https:\/\/www.magicland-theatre.com\/wordpress\/wp-json\/wp\/v2\/media?parent=328"}],"curies":[{"name":"wp","href":"https:\/\/api.w.org\/{rel}","templated":true}]}}