{"id":3254,"date":"2016-06-28T11:07:17","date_gmt":"2016-06-28T09:07:17","guid":{"rendered":"http:\/\/www.magicland-theatre.com\/wordpress\/?page_id=3254"},"modified":"2016-06-28T11:07:17","modified_gmt":"2016-06-28T09:07:17","slug":"les-cigognes","status":"publish","type":"page","link":"https:\/\/www.magicland-theatre.com\/wordpress\/les-cigognes\/","title":{"rendered":"Les cigognes"},"content":{"rendered":"<p>[et_pb_section admin_label=\u00a0\u00bbsection\u00a0\u00bb][et_pb_row admin_label=\u00a0\u00bbrow\u00a0\u00bb][et_pb_column type=\u00a0\u00bb4_4&Prime;][et_pb_gallery admin_label=\u00a0\u00bbGalerie\u00a0\u00bb gallery_ids=\u00a0\u00bb3256,3257,3258,3259&Prime; fullwidth=\u00a0\u00bbon\u00a0\u00bb show_title_and_caption=\u00a0\u00bbon\u00a0\u00bb show_pagination=\u00a0\u00bbon\u00a0\u00bb background_layout=\u00a0\u00bblight\u00a0\u00bb auto=\u00a0\u00bboff\u00a0\u00bb hover_overlay_color=\u00a0\u00bbrgba(255,255,255,0.9)\u00a0\u00bb caption_all_caps=\u00a0\u00bboff\u00a0\u00bb use_border_color=\u00a0\u00bboff\u00a0\u00bb border_color=\u00a0\u00bb#ffffff\u00a0\u00bb border_style=\u00a0\u00bbsolid\u00a0\u00bb \/][et_pb_text admin_label=\u00a0\u00bbTexte\u00a0\u00bb background_layout=\u00a0\u00bblight\u00a0\u00bb text_orientation=\u00a0\u00bbleft\u00a0\u00bb use_border_color=\u00a0\u00bboff\u00a0\u00bb border_color=\u00a0\u00bb#ffffff\u00a0\u00bb border_style=\u00a0\u00bbsolid\u00a0\u00bb]<\/p>\n<p>Duo d&rsquo;\u00e9chassiers, deux grands b\u00e9b\u00e9s livr\u00e9s par une cigogne sont \u00e0 la recherche de leur maman. Ils esp\u00e8rent la retrouver parmi la foule.<\/p>\n<p>[\/et_pb_text][\/et_pb_column][\/et_pb_row][\/et_pb_section]<\/p>\n","protected":false},"excerpt":{"rendered":"<p>Duo d&rsquo;\u00e9chassiers, deux grands b\u00e9b\u00e9s livr\u00e9s par une cigogne sont \u00e0 la recherche de leur maman. Ils esp\u00e8rent la retrouver parmi la foule.<\/p>\n","protected":false},"author":2,"featured_media":0,"parent":0,"menu_order":0,"comment_status":"closed","ping_status":"closed","template":"","meta":{"_et_pb_use_builder":"on","_et_pb_old_content":"","_et_gb_content_width":"","footnotes":""},"class_list":["post-3254","page","type-page","status-publish","hentry"],"yoast_head":"<!-- This site is optimized with the Yoast SEO plugin v26.6 - https:\/\/yoast.com\/wordpress\/plugins\/seo\/ -->\n<title>Les cigognes<\/title>\n<meta name=\"robots\" content=\"index, follow, max-snippet:-1, max-image-preview:large, max-video-preview:-1\" \/>\n<link rel=\"canonical\" href=\"https:\/\/www.magicland-theatre.com\/wordpress\/les-cigognes\/\" \/>\n<meta property=\"og:locale\" content=\"fr_FR\" \/>\n<meta property=\"og:type\" content=\"article\" \/>\n<meta property=\"og:title\" content=\"Les cigognes\" \/>\n<meta property=\"og:url\" content=\"https:\/\/www.magicland-theatre.com\/wordpress\/les-cigognes\/\" \/>\n<meta property=\"og:site_name\" content=\"Le Magic Land Th\u00e9\u00e2tre\" \/>\n<meta property=\"article:publisher\" content=\"https:\/\/www.facebook.com\/magicland.mlt\/\" \/>\n<meta property=\"og:image\" content=\"https:\/\/www.magicland-theatre.com\/wordpress\/wp-content\/uploads\/2013\/05\/logo-debout.jpg\" \/>\n\t<meta property=\"og:image:width\" content=\"591\" \/>\n\t<meta property=\"og:image:height\" content=\"843\" \/>\n\t<meta property=\"og:image:type\" content=\"image\/jpeg\" \/>\n<meta name=\"twitter:card\" content=\"summary_large_image\" \/>\n<meta name=\"twitter:site\" content=\"@MagicLandMlt\" \/>\n<meta name=\"twitter:label1\" content=\"Dur\u00e9e de lecture estim\u00e9e\" \/>\n\t<meta name=\"twitter:data1\" content=\"1 minute\" \/>\n<script type=\"application\/ld+json\" class=\"yoast-schema-graph\">{\"@context\":\"https:\/\/schema.org\",\"@graph\":[{\"@type\":\"WebPage\",\"@id\":\"https:\/\/www.magicland-theatre.com\/wordpress\/les-cigognes\/\",\"url\":\"https:\/\/www.magicland-theatre.com\/wordpress\/les-cigognes\/\",\"name\":\"Les cigognes\",\"isPartOf\":{\"@id\":\"https:\/\/www.magicland-theatre.com\/wordpress\/#website\"},\"datePublished\":\"2016-06-28T09:07:17+00:00\",\"breadcrumb\":{\"@id\":\"https:\/\/www.magicland-theatre.com\/wordpress\/les-cigognes\/#breadcrumb\"},\"inLanguage\":\"fr-FR\",\"potentialAction\":[{\"@type\":\"ReadAction\",\"target\":[\"https:\/\/www.magicland-theatre.com\/wordpress\/les-cigognes\/\"]}]},{\"@type\":\"BreadcrumbList\",\"@id\":\"https:\/\/www.magicland-theatre.com\/wordpress\/les-cigognes\/#breadcrumb\",\"itemListElement\":[{\"@type\":\"ListItem\",\"position\":1,\"name\":\"Homepage\",\"item\":\"https:\/\/www.magicland-theatre.com\/wordpress\/\"},{\"@type\":\"ListItem\",\"position\":2,\"name\":\"Les cigognes\"}]},{\"@type\":\"WebSite\",\"@id\":\"https:\/\/www.magicland-theatre.com\/wordpress\/#website\",\"url\":\"https:\/\/www.magicland-theatre.com\/wordpress\/\",\"name\":\"Le Magic Land Th\u00e9\u00e2tre\",\"description\":\"Une seule devise : le rire !\",\"publisher\":{\"@id\":\"https:\/\/www.magicland-theatre.com\/wordpress\/#organization\"},\"potentialAction\":[{\"@type\":\"SearchAction\",\"target\":{\"@type\":\"EntryPoint\",\"urlTemplate\":\"https:\/\/www.magicland-theatre.com\/wordpress\/?s={search_term_string}\"},\"query-input\":{\"@type\":\"PropertyValueSpecification\",\"valueRequired\":true,\"valueName\":\"search_term_string\"}}],\"inLanguage\":\"fr-FR\"},{\"@type\":\"Organization\",\"@id\":\"https:\/\/www.magicland-theatre.com\/wordpress\/#organization\",\"name\":\"Le Magic Land Th\u00e9\u00e2tre\",\"url\":\"https:\/\/www.magicland-theatre.com\/wordpress\/\",\"logo\":{\"@type\":\"ImageObject\",\"inLanguage\":\"fr-FR\",\"@id\":\"https:\/\/www.magicland-theatre.com\/wordpress\/#\/schema\/logo\/image\/\",\"url\":\"https:\/\/www.magicland-theatre.com\/wordpress\/wp-content\/uploads\/2013\/05\/logo-debout.jpg\",\"contentUrl\":\"https:\/\/www.magicland-theatre.com\/wordpress\/wp-content\/uploads\/2013\/05\/logo-debout.jpg\",\"width\":591,\"height\":843,\"caption\":\"Le Magic Land Th\u00e9\u00e2tre\"},\"image\":{\"@id\":\"https:\/\/www.magicland-theatre.com\/wordpress\/#\/schema\/logo\/image\/\"},\"sameAs\":[\"https:\/\/www.facebook.com\/magicland.mlt\/\",\"https:\/\/x.com\/MagicLandMlt\",\"https:\/\/www.instagram.com\/magiclandtheatre\/\",\"https:\/\/www.linkedin.com\/in\/magic-land-thtre-35a04a6a?trk=hp-identity-name\",\"https:\/\/www.youtube.com\/channel\/UCh1EgBwX4wwlnXsK4xQXBEw\"]}]}<\/script>\n<!-- \/ Yoast SEO plugin. -->","yoast_head_json":{"title":"Les cigognes","robots":{"index":"index","follow":"follow","max-snippet":"max-snippet:-1","max-image-preview":"max-image-preview:large","max-video-preview":"max-video-preview:-1"},"canonical":"https:\/\/www.magicland-theatre.com\/wordpress\/les-cigognes\/","og_locale":"fr_FR","og_type":"article","og_title":"Les cigognes","og_url":"https:\/\/www.magicland-theatre.com\/wordpress\/les-cigognes\/","og_site_name":"Le Magic Land Th\u00e9\u00e2tre","article_publisher":"https:\/\/www.facebook.com\/magicland.mlt\/","og_image":[{"width":591,"height":843,"url":"https:\/\/www.magicland-theatre.com\/wordpress\/wp-content\/uploads\/2013\/05\/logo-debout.jpg","type":"image\/jpeg"}],"twitter_card":"summary_large_image","twitter_site":"@MagicLandMlt","twitter_misc":{"Dur\u00e9e de lecture estim\u00e9e":"1 minute"},"schema":{"@context":"https:\/\/schema.org","@graph":[{"@type":"WebPage","@id":"https:\/\/www.magicland-theatre.com\/wordpress\/les-cigognes\/","url":"https:\/\/www.magicland-theatre.com\/wordpress\/les-cigognes\/","name":"Les cigognes","isPartOf":{"@id":"https:\/\/www.magicland-theatre.com\/wordpress\/#website"},"datePublished":"2016-06-28T09:07:17+00:00","breadcrumb":{"@id":"https:\/\/www.magicland-theatre.com\/wordpress\/les-cigognes\/#breadcrumb"},"inLanguage":"fr-FR","potentialAction":[{"@type":"ReadAction","target":["https:\/\/www.magicland-theatre.com\/wordpress\/les-cigognes\/"]}]},{"@type":"BreadcrumbList","@id":"https:\/\/www.magicland-theatre.com\/wordpress\/les-cigognes\/#breadcrumb","itemListElement":[{"@type":"ListItem","position":1,"name":"Homepage","item":"https:\/\/www.magicland-theatre.com\/wordpress\/"},{"@type":"ListItem","position":2,"name":"Les cigognes"}]},{"@type":"WebSite","@id":"https:\/\/www.magicland-theatre.com\/wordpress\/#website","url":"https:\/\/www.magicland-theatre.com\/wordpress\/","name":"Le Magic Land Th\u00e9\u00e2tre","description":"Une seule devise : le rire !","publisher":{"@id":"https:\/\/www.magicland-theatre.com\/wordpress\/#organization"},"potentialAction":[{"@type":"SearchAction","target":{"@type":"EntryPoint","urlTemplate":"https:\/\/www.magicland-theatre.com\/wordpress\/?s={search_term_string}"},"query-input":{"@type":"PropertyValueSpecification","valueRequired":true,"valueName":"search_term_string"}}],"inLanguage":"fr-FR"},{"@type":"Organization","@id":"https:\/\/www.magicland-theatre.com\/wordpress\/#organization","name":"Le Magic Land Th\u00e9\u00e2tre","url":"https:\/\/www.magicland-theatre.com\/wordpress\/","logo":{"@type":"ImageObject","inLanguage":"fr-FR","@id":"https:\/\/www.magicland-theatre.com\/wordpress\/#\/schema\/logo\/image\/","url":"https:\/\/www.magicland-theatre.com\/wordpress\/wp-content\/uploads\/2013\/05\/logo-debout.jpg","contentUrl":"https:\/\/www.magicland-theatre.com\/wordpress\/wp-content\/uploads\/2013\/05\/logo-debout.jpg","width":591,"height":843,"caption":"Le Magic Land Th\u00e9\u00e2tre"},"image":{"@id":"https:\/\/www.magicland-theatre.com\/wordpress\/#\/schema\/logo\/image\/"},"sameAs":["https:\/\/www.facebook.com\/magicland.mlt\/","https:\/\/x.com\/MagicLandMlt","https:\/\/www.instagram.com\/magiclandtheatre\/","https:\/\/www.linkedin.com\/in\/magic-land-thtre-35a04a6a?trk=hp-identity-name","https:\/\/www.youtube.com\/channel\/UCh1EgBwX4wwlnXsK4xQXBEw"]}]}},"_links":{"self":[{"href":"https:\/\/www.magicland-theatre.com\/wordpress\/wp-json\/wp\/v2\/pages\/3254","targetHints":{"allow":["GET"]}}],"collection":[{"href":"https:\/\/www.magicland-theatre.com\/wordpress\/wp-json\/wp\/v2\/pages"}],"about":[{"href":"https:\/\/www.magicland-theatre.com\/wordpress\/wp-json\/wp\/v2\/types\/page"}],"author":[{"embeddable":true,"href":"https:\/\/www.magicland-theatre.com\/wordpress\/wp-json\/wp\/v2\/users\/2"}],"replies":[{"embeddable":true,"href":"https:\/\/www.magicland-theatre.com\/wordpress\/wp-json\/wp\/v2\/comments?post=3254"}],"version-history":[{"count":1,"href":"https:\/\/www.magicland-theatre.com\/wordpress\/wp-json\/wp\/v2\/pages\/3254\/revisions"}],"predecessor-version":[{"id":3260,"href":"https:\/\/www.magicland-theatre.com\/wordpress\/wp-json\/wp\/v2\/pages\/3254\/revisions\/3260"}],"wp:attachment":[{"href":"https:\/\/www.magicland-theatre.com\/wordpress\/wp-json\/wp\/v2\/media?parent=3254"}],"curies":[{"name":"wp","href":"https:\/\/api.w.org\/{rel}","templated":true}]}}