{"id":3039,"date":"2016-06-22T11:57:13","date_gmt":"2016-06-22T09:57:13","guid":{"rendered":"http:\/\/www.magicland-theatre.com\/wordpress\/?page_id=3039"},"modified":"2016-06-22T11:57:13","modified_gmt":"2016-06-22T09:57:13","slug":"benedicte-philippon","status":"publish","type":"page","link":"https:\/\/www.magicland-theatre.com\/wordpress\/benedicte-philippon\/","title":{"rendered":"B\u00e9n\u00e9dicte Philippon"},"content":{"rendered":"<p>[et_pb_section admin_label=\u00a0\u00bbsection\u00a0\u00bb][et_pb_row admin_label=\u00a0\u00bbrow\u00a0\u00bb][et_pb_column type=\u00a0\u00bb4_4&Prime;][et_pb_text admin_label=\u00a0\u00bbTexte\u00a0\u00bb background_layout=\u00a0\u00bblight\u00a0\u00bb text_orientation=\u00a0\u00bbleft\u00a0\u00bb use_border_color=\u00a0\u00bboff\u00a0\u00bb border_color=\u00a0\u00bb#ffffff\u00a0\u00bb border_style=\u00a0\u00bbsolid\u00a0\u00bb]<\/p>\n<h3>B\u00e9n\u00e9dicte Philippon<\/h3>\n<p>Sortie du Conservatoire Royal de Bruxelles en 2007, B\u00e9n\u00e9dicte explore divers genre th\u00e9\u00e2traux et cin\u00e9matographiques avant de trouver sa place dans la com\u00e9die.\u00a0 Elle commence \u00e0 \u00e9crire des spectacles en duo comme \u00ab\u00a0<strong><em>Labyrinthus Female<\/em><\/strong>\u00a0\u00bb (un spectacle explorant l\u2019univers f\u00e9minin) \u00ab<strong><em>\u00a0L\u2019Amour vous va si bien<\/em><\/strong>\u00a0\u00bb et \u00ab\u00a0<strong><em>La v\u00e9ritable histoire de\u2026 enfin presque\u00a0!<\/em><\/strong>\u00a0\u00bb un spectacle portant sur l\u2019Histoire, ses contes et ses l\u00e9gendes.\u00a0 En 2009, elle entre dans \u00ab\u00a0<strong><em>L\u2019Agence Tous Rires<\/em><\/strong>\u00a0\u00bb et r\u00e9alise avec eux une demi-douzaine de spectacles. De 2010 \u00e0 2012, elle fait partie de la compagnie du \u00ab\u00a0<strong><em>Dit des gueux<\/em><\/strong>\u00a0\u00bb qui organises des spectacles m\u00e9di\u00e9vaux et s\u2019illustre dans divers r\u00f4les, comme dans \u00ab\u00a0<strong><em>Sylvia\u00a0<\/em><\/strong>\u00bb au th\u00e9\u00e2tre de la Valette o\u00f9 elle interpr\u00e8te le r\u00f4le-titre qui n\u2019est autre qu\u2019un petit caniche fran\u00e7ais qui s\u00e8me la pagaille dans un couple de retrait\u00e9s.<\/p>\n<p>Ses derni\u00e8res cr\u00e9ations \u00ab\u00a0<strong><em>Le Marteau des sorci\u00e8res<\/em><\/strong>\u00a0\u00bb et \u00ab\u00a0<strong><em>Bidiba Bidibou\u00a0<\/em><\/strong>\u00bb furent toutes deux jou\u00e9es en 2012.\u00a0 Cette m\u00eame ann\u00e9e, elle \u00e9crit interpr\u00e8te son premier one-woman show \u00ab<strong><em>\u00a0C\u2019est par o\u00f9 la sortie\u00a0?<\/em><\/strong>\u00a0\u00bb, mis en sc\u00e8ne par M\u00e9lissa Pire.<\/p>\n<p>A c\u00f4t\u00e9 du th\u00e9\u00e2tre, B\u00e9n\u00e9dicte fait \u00e9galement beaucoup de cin\u00e9ma (une vingtaine de courts et long m\u00e9trages) et de la t\u00e9l\u00e9vision (derni\u00e8rement dans l\u2019\u00e9mission \u00ab\u00a0<strong><em>On ne demande qu\u2019\u00e0 en rire<\/em><\/strong>\u00a0\u00bb sur France2).<\/p>\n<p>Elle travaille \u00e9galement sur plusieurs projets bien diff\u00e9rents et explore d\u2019autres domaines tel que le chant, l\u2019improvisation, le doublage, la voix-off et la radio (de 2012 \u00e0 2013, dans l\u2019\u00e9mission Bel RTL com\u00e9die, pr\u00e9sent\u00e9e par Fabrice Brouwers et elle vient de gagner le prix du Cinepoket pour son court-m\u00e9trage\u00a0: \u00ab\u00a0The anderson Family\u00a0\u00bb. C\u2019est la premi\u00e8re fois qu\u2019elle rejoint la compagnie pour un spectacle et elle s\u2019int\u00e8gre \u00e0 la maison comme si elle avait toujours \u00e9t\u00e9 l\u00e0\u2026<\/p>\n<p>[\/et_pb_text][et_pb_gallery admin_label=\u00a0\u00bbGalerie\u00a0\u00bb gallery_ids=\u00a0\u00bb1205,1202,1204,3041,3040,2261,3042,3043,3044,3045&Prime; fullwidth=\u00a0\u00bbon\u00a0\u00bb show_title_and_caption=\u00a0\u00bbon\u00a0\u00bb show_pagination=\u00a0\u00bbon\u00a0\u00bb background_layout=\u00a0\u00bblight\u00a0\u00bb auto=\u00a0\u00bboff\u00a0\u00bb hover_overlay_color=\u00a0\u00bbrgba(255,255,255,0.9)\u00a0\u00bb caption_all_caps=\u00a0\u00bboff\u00a0\u00bb use_border_color=\u00a0\u00bboff\u00a0\u00bb border_color=\u00a0\u00bb#ffffff\u00a0\u00bb border_style=\u00a0\u00bbsolid\u00a0\u00bb \/][\/et_pb_column][\/et_pb_row][\/et_pb_section]<\/p>\n","protected":false},"excerpt":{"rendered":"<p>B\u00e9n\u00e9dicte Philippon Sortie du Conservatoire Royal de Bruxelles en 2007, B\u00e9n\u00e9dicte explore divers genre th\u00e9\u00e2traux et cin\u00e9matographiques avant de trouver sa place dans la com\u00e9die.\u00a0 Elle commence \u00e0 \u00e9crire des [&hellip;]<\/p>\n","protected":false},"author":2,"featured_media":0,"parent":0,"menu_order":0,"comment_status":"closed","ping_status":"closed","template":"","meta":{"_et_pb_use_builder":"on","_et_pb_old_content":"","_et_gb_content_width":"","footnotes":""},"class_list":["post-3039","page","type-page","status-publish","hentry"],"yoast_head":"<!-- This site is optimized with the Yoast SEO plugin v26.6 - https:\/\/yoast.com\/wordpress\/plugins\/seo\/ -->\n<title>B\u00e9n\u00e9dicte Philippon<\/title>\n<meta name=\"robots\" content=\"index, follow, max-snippet:-1, max-image-preview:large, max-video-preview:-1\" \/>\n<link rel=\"canonical\" href=\"https:\/\/www.magicland-theatre.com\/wordpress\/benedicte-philippon\/\" \/>\n<meta property=\"og:locale\" content=\"fr_FR\" \/>\n<meta property=\"og:type\" content=\"article\" \/>\n<meta property=\"og:title\" content=\"B\u00e9n\u00e9dicte Philippon\" \/>\n<meta property=\"og:url\" content=\"https:\/\/www.magicland-theatre.com\/wordpress\/benedicte-philippon\/\" \/>\n<meta property=\"og:site_name\" content=\"Le Magic Land Th\u00e9\u00e2tre\" \/>\n<meta property=\"article:publisher\" content=\"https:\/\/www.facebook.com\/magicland.mlt\/\" \/>\n<meta property=\"og:image\" content=\"https:\/\/www.magicland-theatre.com\/wordpress\/wp-content\/uploads\/2013\/05\/logo-debout.jpg\" \/>\n\t<meta property=\"og:image:width\" content=\"591\" \/>\n\t<meta property=\"og:image:height\" content=\"843\" \/>\n\t<meta property=\"og:image:type\" content=\"image\/jpeg\" \/>\n<meta name=\"twitter:card\" content=\"summary_large_image\" \/>\n<meta name=\"twitter:site\" content=\"@MagicLandMlt\" \/>\n<meta name=\"twitter:label1\" content=\"Dur\u00e9e de lecture estim\u00e9e\" \/>\n\t<meta name=\"twitter:data1\" content=\"2 minutes\" \/>\n<script type=\"application\/ld+json\" class=\"yoast-schema-graph\">{\"@context\":\"https:\/\/schema.org\",\"@graph\":[{\"@type\":\"WebPage\",\"@id\":\"https:\/\/www.magicland-theatre.com\/wordpress\/benedicte-philippon\/\",\"url\":\"https:\/\/www.magicland-theatre.com\/wordpress\/benedicte-philippon\/\",\"name\":\"B\u00e9n\u00e9dicte Philippon\",\"isPartOf\":{\"@id\":\"https:\/\/www.magicland-theatre.com\/wordpress\/#website\"},\"datePublished\":\"2016-06-22T09:57:13+00:00\",\"breadcrumb\":{\"@id\":\"https:\/\/www.magicland-theatre.com\/wordpress\/benedicte-philippon\/#breadcrumb\"},\"inLanguage\":\"fr-FR\",\"potentialAction\":[{\"@type\":\"ReadAction\",\"target\":[\"https:\/\/www.magicland-theatre.com\/wordpress\/benedicte-philippon\/\"]}]},{\"@type\":\"BreadcrumbList\",\"@id\":\"https:\/\/www.magicland-theatre.com\/wordpress\/benedicte-philippon\/#breadcrumb\",\"itemListElement\":[{\"@type\":\"ListItem\",\"position\":1,\"name\":\"Homepage\",\"item\":\"https:\/\/www.magicland-theatre.com\/wordpress\/\"},{\"@type\":\"ListItem\",\"position\":2,\"name\":\"B\u00e9n\u00e9dicte Philippon\"}]},{\"@type\":\"WebSite\",\"@id\":\"https:\/\/www.magicland-theatre.com\/wordpress\/#website\",\"url\":\"https:\/\/www.magicland-theatre.com\/wordpress\/\",\"name\":\"Le Magic Land Th\u00e9\u00e2tre\",\"description\":\"Une seule devise : le rire !\",\"publisher\":{\"@id\":\"https:\/\/www.magicland-theatre.com\/wordpress\/#organization\"},\"potentialAction\":[{\"@type\":\"SearchAction\",\"target\":{\"@type\":\"EntryPoint\",\"urlTemplate\":\"https:\/\/www.magicland-theatre.com\/wordpress\/?s={search_term_string}\"},\"query-input\":{\"@type\":\"PropertyValueSpecification\",\"valueRequired\":true,\"valueName\":\"search_term_string\"}}],\"inLanguage\":\"fr-FR\"},{\"@type\":\"Organization\",\"@id\":\"https:\/\/www.magicland-theatre.com\/wordpress\/#organization\",\"name\":\"Le Magic Land Th\u00e9\u00e2tre\",\"url\":\"https:\/\/www.magicland-theatre.com\/wordpress\/\",\"logo\":{\"@type\":\"ImageObject\",\"inLanguage\":\"fr-FR\",\"@id\":\"https:\/\/www.magicland-theatre.com\/wordpress\/#\/schema\/logo\/image\/\",\"url\":\"https:\/\/www.magicland-theatre.com\/wordpress\/wp-content\/uploads\/2013\/05\/logo-debout.jpg\",\"contentUrl\":\"https:\/\/www.magicland-theatre.com\/wordpress\/wp-content\/uploads\/2013\/05\/logo-debout.jpg\",\"width\":591,\"height\":843,\"caption\":\"Le Magic Land Th\u00e9\u00e2tre\"},\"image\":{\"@id\":\"https:\/\/www.magicland-theatre.com\/wordpress\/#\/schema\/logo\/image\/\"},\"sameAs\":[\"https:\/\/www.facebook.com\/magicland.mlt\/\",\"https:\/\/x.com\/MagicLandMlt\",\"https:\/\/www.instagram.com\/magiclandtheatre\/\",\"https:\/\/www.linkedin.com\/in\/magic-land-thtre-35a04a6a?trk=hp-identity-name\",\"https:\/\/www.youtube.com\/channel\/UCh1EgBwX4wwlnXsK4xQXBEw\"]}]}<\/script>\n<!-- \/ Yoast SEO plugin. -->","yoast_head_json":{"title":"B\u00e9n\u00e9dicte Philippon","robots":{"index":"index","follow":"follow","max-snippet":"max-snippet:-1","max-image-preview":"max-image-preview:large","max-video-preview":"max-video-preview:-1"},"canonical":"https:\/\/www.magicland-theatre.com\/wordpress\/benedicte-philippon\/","og_locale":"fr_FR","og_type":"article","og_title":"B\u00e9n\u00e9dicte Philippon","og_url":"https:\/\/www.magicland-theatre.com\/wordpress\/benedicte-philippon\/","og_site_name":"Le Magic Land Th\u00e9\u00e2tre","article_publisher":"https:\/\/www.facebook.com\/magicland.mlt\/","og_image":[{"width":591,"height":843,"url":"https:\/\/www.magicland-theatre.com\/wordpress\/wp-content\/uploads\/2013\/05\/logo-debout.jpg","type":"image\/jpeg"}],"twitter_card":"summary_large_image","twitter_site":"@MagicLandMlt","twitter_misc":{"Dur\u00e9e de lecture estim\u00e9e":"2 minutes"},"schema":{"@context":"https:\/\/schema.org","@graph":[{"@type":"WebPage","@id":"https:\/\/www.magicland-theatre.com\/wordpress\/benedicte-philippon\/","url":"https:\/\/www.magicland-theatre.com\/wordpress\/benedicte-philippon\/","name":"B\u00e9n\u00e9dicte Philippon","isPartOf":{"@id":"https:\/\/www.magicland-theatre.com\/wordpress\/#website"},"datePublished":"2016-06-22T09:57:13+00:00","breadcrumb":{"@id":"https:\/\/www.magicland-theatre.com\/wordpress\/benedicte-philippon\/#breadcrumb"},"inLanguage":"fr-FR","potentialAction":[{"@type":"ReadAction","target":["https:\/\/www.magicland-theatre.com\/wordpress\/benedicte-philippon\/"]}]},{"@type":"BreadcrumbList","@id":"https:\/\/www.magicland-theatre.com\/wordpress\/benedicte-philippon\/#breadcrumb","itemListElement":[{"@type":"ListItem","position":1,"name":"Homepage","item":"https:\/\/www.magicland-theatre.com\/wordpress\/"},{"@type":"ListItem","position":2,"name":"B\u00e9n\u00e9dicte Philippon"}]},{"@type":"WebSite","@id":"https:\/\/www.magicland-theatre.com\/wordpress\/#website","url":"https:\/\/www.magicland-theatre.com\/wordpress\/","name":"Le Magic Land Th\u00e9\u00e2tre","description":"Une seule devise : le rire !","publisher":{"@id":"https:\/\/www.magicland-theatre.com\/wordpress\/#organization"},"potentialAction":[{"@type":"SearchAction","target":{"@type":"EntryPoint","urlTemplate":"https:\/\/www.magicland-theatre.com\/wordpress\/?s={search_term_string}"},"query-input":{"@type":"PropertyValueSpecification","valueRequired":true,"valueName":"search_term_string"}}],"inLanguage":"fr-FR"},{"@type":"Organization","@id":"https:\/\/www.magicland-theatre.com\/wordpress\/#organization","name":"Le Magic Land Th\u00e9\u00e2tre","url":"https:\/\/www.magicland-theatre.com\/wordpress\/","logo":{"@type":"ImageObject","inLanguage":"fr-FR","@id":"https:\/\/www.magicland-theatre.com\/wordpress\/#\/schema\/logo\/image\/","url":"https:\/\/www.magicland-theatre.com\/wordpress\/wp-content\/uploads\/2013\/05\/logo-debout.jpg","contentUrl":"https:\/\/www.magicland-theatre.com\/wordpress\/wp-content\/uploads\/2013\/05\/logo-debout.jpg","width":591,"height":843,"caption":"Le Magic Land Th\u00e9\u00e2tre"},"image":{"@id":"https:\/\/www.magicland-theatre.com\/wordpress\/#\/schema\/logo\/image\/"},"sameAs":["https:\/\/www.facebook.com\/magicland.mlt\/","https:\/\/x.com\/MagicLandMlt","https:\/\/www.instagram.com\/magiclandtheatre\/","https:\/\/www.linkedin.com\/in\/magic-land-thtre-35a04a6a?trk=hp-identity-name","https:\/\/www.youtube.com\/channel\/UCh1EgBwX4wwlnXsK4xQXBEw"]}]}},"_links":{"self":[{"href":"https:\/\/www.magicland-theatre.com\/wordpress\/wp-json\/wp\/v2\/pages\/3039","targetHints":{"allow":["GET"]}}],"collection":[{"href":"https:\/\/www.magicland-theatre.com\/wordpress\/wp-json\/wp\/v2\/pages"}],"about":[{"href":"https:\/\/www.magicland-theatre.com\/wordpress\/wp-json\/wp\/v2\/types\/page"}],"author":[{"embeddable":true,"href":"https:\/\/www.magicland-theatre.com\/wordpress\/wp-json\/wp\/v2\/users\/2"}],"replies":[{"embeddable":true,"href":"https:\/\/www.magicland-theatre.com\/wordpress\/wp-json\/wp\/v2\/comments?post=3039"}],"version-history":[{"count":1,"href":"https:\/\/www.magicland-theatre.com\/wordpress\/wp-json\/wp\/v2\/pages\/3039\/revisions"}],"predecessor-version":[{"id":3046,"href":"https:\/\/www.magicland-theatre.com\/wordpress\/wp-json\/wp\/v2\/pages\/3039\/revisions\/3046"}],"wp:attachment":[{"href":"https:\/\/www.magicland-theatre.com\/wordpress\/wp-json\/wp\/v2\/media?parent=3039"}],"curies":[{"name":"wp","href":"https:\/\/api.w.org\/{rel}","templated":true}]}}