{"id":219,"date":"2013-05-03T14:52:38","date_gmt":"2013-05-03T12:52:38","guid":{"rendered":"http:\/\/www.magicland-theatre.com\/wordpress\/?page_id=219"},"modified":"2026-01-19T10:21:02","modified_gmt":"2026-01-19T09:21:02","slug":"homepage","status":"publish","type":"page","link":"https:\/\/www.magicland-theatre.com\/wordpress\/","title":{"rendered":"Homepage"},"content":{"rendered":"<p>[et_pb_section fb_built=\u00a0\u00bb1&Prime; fullwidth=\u00a0\u00bbon\u00a0\u00bb _builder_version=\u00a0\u00bb4.19.4&Prime; _module_preset=\u00a0\u00bbdefault\u00a0\u00bb collapsed=\u00a0\u00bboff\u00a0\u00bb global_colors_info=\u00a0\u00bb{}\u00a0\u00bb][et_pb_fullwidth_portfolio fullwidth=\u00a0\u00bboff\u00a0\u00bb show_date=\u00a0\u00bboff\u00a0\u00bb admin_label=\u00a0\u00bbPortefeuille plein \u00e9cran\u00a0\u00bb _builder_version=\u00a0\u00bb4.20.2&Prime; _module_preset=\u00a0\u00bbdefault\u00a0\u00bb hover_enabled=\u00a0\u00bb0&Prime; global_colors_info=\u00a0\u00bb{}\u00a0\u00bb sticky_enabled=\u00a0\u00bb0&Prime;][\/et_pb_fullwidth_portfolio][\/et_pb_section]<\/p>\n","protected":false},"excerpt":{"rendered":"","protected":false},"author":2,"featured_media":6360,"parent":0,"menu_order":0,"comment_status":"open","ping_status":"closed","template":"","meta":{"_et_pb_use_builder":"on","_et_pb_old_content":"<h4 style=\"text-align: center;\"><\/h4>\r\n<h1 style=\"font-weight: normal; text-align: center;\">Le Magic Land en Wallonie\u00a0!<\/h1>\r\n<a href=\"http:\/\/charleroi.comediecentrale.com\/spectacle.php?uid=6a03f841-1fe9-11e5-8c85-e06995889824\"><img class=\"wp-image-2444 size-medium aligncenter\" src=\"http:\/\/www.magicland-theatre.com\/wordpress\/wp-content\/uploads\/2013\/05\/logo-comedie-home-300x272.png\" width=\"300\" height=\"272\" \/><\/a>\r\n<h2 style=\"text-align: center;\"><strong>Du 26 mai au 17 juin<\/strong><\/h2>\r\n<p style=\"text-align: center;\">Apr\u00e8s le succ\u00e8s rencontr\u00e9 cette saison...<\/p>\r\n\r\n<h3 style=\"text-align: center;\">Nous serons \u00e0 la Com\u00e9die Centrale de Charleroi avec \"<strong><a href=\"http:\/\/www.magicland-theatre.com\/wordpress\/mamy-fout-le-bronx\/\">Mamy fout le bronx<\/a>\"\u00a0!<\/strong><\/h3>\r\n<p style=\"text-align: center;\">[button link=\"http:\/\/charleroi.comediecentrale.com\/reservation.php?id_resa=6a03f841-1fe9-11e5-8c85-e06995889824\" size=\"Big\" target=\"blank\"]<strong>R\u00e9servez vos places\u00a0<\/strong>[\/button]<\/p>\r\n\r\n<h3 style=\"text-align: center;\"><\/h3>\r\n<h3 style=\"text-align: center;\">Boutique<\/h3>\r\n\u00a0\r\n<h2 style=\"text-align: center;\"><a href=\"http:\/\/www.patrickchaboud.be\"><img class=\"wp-image-2441 size-medium aligncenter\" src=\"http:\/\/www.magicland-theatre.com\/wordpress\/wp-content\/uploads\/2013\/05\/Mamy-livre-212x300.jpg\" alt=\"Mamy livre\" width=\"212\" height=\"300\" \/> <\/a>Une grande nouvelle !<\/h2>\r\nPlusieurs des textes du r\u00e9pertoire du Magic Land Th\u00e9\u00e2tre sont d\u00e9sormais mis \u00e0 la disposition de compagnies professionnelles ou amateurs qui souhaiteraient les mettre en sc\u00e8ne, pour plus d'informations, rendez-vous sur le site de notre v\u00e9n\u00e9r\u00e9 directeur : <span style=\"color: #993300;\">\u00a0<a style=\"color: #993300;\" href=\"http:\/\/patrickchaboud.be\/\" target=\"_blank\" rel=\"noopener\">patrickchaboud.be<\/a><\/span> <a href=\"http:\/\/www.patrickchaboud.be\"><img class=\"aligncenter wp-image-2443 size-full\" src=\"http:\/\/www.magicland-theatre.com\/wordpress\/wp-content\/uploads\/2013\/05\/signature.png\" alt=\"signature\" width=\"220\" height=\"75\" \/><\/a> \u00a0 <strong>Vous d\u00e9sirez \u00eatre tenu au courant de nos activit\u00e9 ? Inscrivez vous \u00e0 notre Newsletter !!!<\/strong> [gravityform id=\"2\" name=\"\"]\r\n<h2 style=\"text-align: center;\"><strong style=\"line-height: 1.714285714; font-style: italic; font-size: 1rem;\">Offre \u00a0sp\u00e9ciale !!<\/strong><\/h2>\r\n<p style=\"text-align: center;\"><a href=\"http:\/\/www.funkeyhotel.com\"><img class=\"aligncenter size-medium wp-image-1038\" src=\"http:\/\/www.magicland-theatre.com\/wordpress\/wp-content\/uploads\/2013\/05\/FunKey_Logo_High_black_text-3-300x81.jpg\" alt=\"FunKey_Logo_High_black_text (3)\" width=\"300\" height=\"81\" \/><\/a><\/p>\r\n<p style=\"text-align: center;\">[social icon=\"facebook\" url=\"\u00a0<a href=\"http:\/\/tk3.rylyo.com\/sy\/ev?3&2100-70&7&B5OBp%2FKKEEzFiKLjuNZozw\">www.facebook.com\/FunkeyHotelBrussels<\/a>\" title=\"Facebook\"][\/social]<\/p>\r\n<p style=\"text-align: center;\"><span style=\"color: #000000;\"><strong>Vous venez de loin et vous n'avez pas envie de faire la route pour rentrer ou vous voulez boire un verre avec nous apr\u00e8s le spectacle et ne pas rentrer trop loin.<\/strong><\/span><\/p>\r\n<p style=\"text-align: center;\"><strong>Offre sp\u00e9ciale pour les spectateurs du Magic Land Th\u00e9\u00e2tre\u00a0<\/strong><b> <\/b><\/p>\r\n<p style=\"text-align: left;\">[pricing_table class=\"\"] [pricing size=\"one_half\" featured=\"no\" plan=\"Couple\" cost=\"79\u20ac\" per=\"Soir\u00e9e\" button_url=\"mailto:johanne@magicland-theatre.com\" button_text=\"R\u00e9servez\" button_target=\"self\" class=\"\"]<\/p>\r\n\r\n<ul>\r\n \t<li>2 Entr\u00e9es au Magic Land<\/li>\r\n \t<li>Une Nuit d'H\u00f4tel<\/li>\r\n \t<li>2 P'tit Dej'<\/li>\r\n<\/ul>\r\n[\/pricing] [pricing size=\"one_half\" position=\"last\" featured=\"no\" plan=\"Famille\" cost=\"149\u20ac\" per=\"Soir\u00e9e\" button_url=\"mailto:johanne@magicland-theatre.com\" button_text=\"R\u00e9servez\" button_target=\"self\" class=\"\"]\r\n<ul>\r\n \t<li>2 Adultes + 2 Enfants au Magic Land<\/li>\r\n \t<li>Une Nuit d'H\u00f4tel<\/li>\r\n \t<li>4 P'tit Dej'<\/li>\r\n<\/ul>\r\n[\/pricing] [\/pricing_table]\r\n<p style=\"text-align: center;\">[shareaholic app=\"share_buttons\" id=\"314281\"]<\/p>\r\n\u00a0","_et_gb_content_width":"","footnotes":""},"class_list":["post-219","page","type-page","status-publish","has-post-thumbnail","hentry"],"yoast_head":"<!-- This site is optimized with the Yoast SEO plugin v26.6 - https:\/\/yoast.com\/wordpress\/plugins\/seo\/ -->\n<title>Le Magic Land Th\u00e9\u00e2tre - Une seule devise le rire !<\/title>\n<meta name=\"description\" content=\"La compagnie du Magic Land Th\u00e9\u00e2tre est au service du rire et de l&#039;humour ! R\u00e9servation : 02\/245.50.64 ou www.magicland-theatre.com\" \/>\n<meta name=\"robots\" content=\"index, follow, max-snippet:-1, max-image-preview:large, max-video-preview:-1\" \/>\n<link rel=\"canonical\" href=\"https:\/\/www.magicland-theatre.com\/wordpress\/\" \/>\n<meta property=\"og:locale\" content=\"fr_FR\" \/>\n<meta property=\"og:type\" content=\"article\" \/>\n<meta property=\"og:title\" content=\"Le Magic Land Th\u00e9\u00e2tre - Une seule devise le rire !\" \/>\n<meta property=\"og:description\" content=\"La compagnie du Magic Land Th\u00e9\u00e2tre est au service du rire et de l&#039;humour ! R\u00e9servation : 02\/245.50.64 ou www.magicland-theatre.com\" \/>\n<meta property=\"og:url\" content=\"https:\/\/www.magicland-theatre.com\/wordpress\/\" \/>\n<meta property=\"og:site_name\" content=\"Le Magic Land Th\u00e9\u00e2tre\" \/>\n<meta property=\"article:publisher\" content=\"https:\/\/www.facebook.com\/magicland.mlt\/\" \/>\n<meta property=\"article:modified_time\" content=\"2026-01-19T09:21:02+00:00\" \/>\n<meta property=\"og:image\" content=\"https:\/\/www.magicland-theatre.com\/wordpress\/wp-content\/uploads\/2022\/06\/IMG_4709.jpg\" \/>\n\t<meta property=\"og:image:width\" content=\"2048\" \/>\n\t<meta property=\"og:image:height\" content=\"1365\" \/>\n\t<meta property=\"og:image:type\" content=\"image\/jpeg\" \/>\n<meta name=\"twitter:card\" content=\"summary_large_image\" \/>\n<meta name=\"twitter:site\" content=\"@MagicLandMlt\" \/>\n<meta name=\"twitter:label1\" content=\"Dur\u00e9e de lecture estim\u00e9e\" \/>\n\t<meta name=\"twitter:data1\" content=\"3 minutes\" \/>\n<script type=\"application\/ld+json\" class=\"yoast-schema-graph\">{\"@context\":\"https:\/\/schema.org\",\"@graph\":[{\"@type\":\"WebPage\",\"@id\":\"https:\/\/www.magicland-theatre.com\/wordpress\/\",\"url\":\"https:\/\/www.magicland-theatre.com\/wordpress\/\",\"name\":\"Le Magic Land Th\u00e9\u00e2tre - Une seule devise le rire !\",\"isPartOf\":{\"@id\":\"https:\/\/www.magicland-theatre.com\/wordpress\/#website\"},\"primaryImageOfPage\":{\"@id\":\"https:\/\/www.magicland-theatre.com\/wordpress\/#primaryimage\"},\"image\":{\"@id\":\"https:\/\/www.magicland-theatre.com\/wordpress\/#primaryimage\"},\"thumbnailUrl\":\"https:\/\/www.magicland-theatre.com\/wordpress\/wp-content\/uploads\/2022\/06\/IMG_4709.jpg\",\"datePublished\":\"2013-05-03T12:52:38+00:00\",\"dateModified\":\"2026-01-19T09:21:02+00:00\",\"description\":\"La compagnie du Magic Land Th\u00e9\u00e2tre est au service du rire et de l'humour ! R\u00e9servation : 02\/245.50.64 ou www.magicland-theatre.com\",\"breadcrumb\":{\"@id\":\"https:\/\/www.magicland-theatre.com\/wordpress\/#breadcrumb\"},\"inLanguage\":\"fr-FR\",\"potentialAction\":[{\"@type\":\"ReadAction\",\"target\":[\"https:\/\/www.magicland-theatre.com\/wordpress\/\"]}]},{\"@type\":\"ImageObject\",\"inLanguage\":\"fr-FR\",\"@id\":\"https:\/\/www.magicland-theatre.com\/wordpress\/#primaryimage\",\"url\":\"https:\/\/www.magicland-theatre.com\/wordpress\/wp-content\/uploads\/2022\/06\/IMG_4709.jpg\",\"contentUrl\":\"https:\/\/www.magicland-theatre.com\/wordpress\/wp-content\/uploads\/2022\/06\/IMG_4709.jpg\",\"width\":2048,\"height\":1365},{\"@type\":\"BreadcrumbList\",\"@id\":\"https:\/\/www.magicland-theatre.com\/wordpress\/#breadcrumb\",\"itemListElement\":[{\"@type\":\"ListItem\",\"position\":1,\"name\":\"Homepage\",\"item\":\"https:\/\/www.magicland-theatre.com\/wordpress\/\"},{\"@type\":\"ListItem\",\"position\":2,\"name\":\"Homepage\"}]},{\"@type\":\"WebSite\",\"@id\":\"https:\/\/www.magicland-theatre.com\/wordpress\/#website\",\"url\":\"https:\/\/www.magicland-theatre.com\/wordpress\/\",\"name\":\"Le Magic Land Th\u00e9\u00e2tre\",\"description\":\"Une seule devise : le rire !\",\"publisher\":{\"@id\":\"https:\/\/www.magicland-theatre.com\/wordpress\/#organization\"},\"potentialAction\":[{\"@type\":\"SearchAction\",\"target\":{\"@type\":\"EntryPoint\",\"urlTemplate\":\"https:\/\/www.magicland-theatre.com\/wordpress\/?s={search_term_string}\"},\"query-input\":{\"@type\":\"PropertyValueSpecification\",\"valueRequired\":true,\"valueName\":\"search_term_string\"}}],\"inLanguage\":\"fr-FR\"},{\"@type\":\"Organization\",\"@id\":\"https:\/\/www.magicland-theatre.com\/wordpress\/#organization\",\"name\":\"Le Magic Land Th\u00e9\u00e2tre\",\"url\":\"https:\/\/www.magicland-theatre.com\/wordpress\/\",\"logo\":{\"@type\":\"ImageObject\",\"inLanguage\":\"fr-FR\",\"@id\":\"https:\/\/www.magicland-theatre.com\/wordpress\/#\/schema\/logo\/image\/\",\"url\":\"https:\/\/www.magicland-theatre.com\/wordpress\/wp-content\/uploads\/2013\/05\/logo-debout.jpg\",\"contentUrl\":\"https:\/\/www.magicland-theatre.com\/wordpress\/wp-content\/uploads\/2013\/05\/logo-debout.jpg\",\"width\":591,\"height\":843,\"caption\":\"Le Magic Land Th\u00e9\u00e2tre\"},\"image\":{\"@id\":\"https:\/\/www.magicland-theatre.com\/wordpress\/#\/schema\/logo\/image\/\"},\"sameAs\":[\"https:\/\/www.facebook.com\/magicland.mlt\/\",\"https:\/\/x.com\/MagicLandMlt\",\"https:\/\/www.instagram.com\/magiclandtheatre\/\",\"https:\/\/www.linkedin.com\/in\/magic-land-thtre-35a04a6a?trk=hp-identity-name\",\"https:\/\/www.youtube.com\/channel\/UCh1EgBwX4wwlnXsK4xQXBEw\"]}]}<\/script>\n<!-- \/ Yoast SEO plugin. -->","yoast_head_json":{"title":"Le Magic Land Th\u00e9\u00e2tre - Une seule devise le rire !","description":"La compagnie du Magic Land Th\u00e9\u00e2tre est au service du rire et de l'humour ! R\u00e9servation : 02\/245.50.64 ou www.magicland-theatre.com","robots":{"index":"index","follow":"follow","max-snippet":"max-snippet:-1","max-image-preview":"max-image-preview:large","max-video-preview":"max-video-preview:-1"},"canonical":"https:\/\/www.magicland-theatre.com\/wordpress\/","og_locale":"fr_FR","og_type":"article","og_title":"Le Magic Land Th\u00e9\u00e2tre - Une seule devise le rire !","og_description":"La compagnie du Magic Land Th\u00e9\u00e2tre est au service du rire et de l'humour ! R\u00e9servation : 02\/245.50.64 ou www.magicland-theatre.com","og_url":"https:\/\/www.magicland-theatre.com\/wordpress\/","og_site_name":"Le Magic Land Th\u00e9\u00e2tre","article_publisher":"https:\/\/www.facebook.com\/magicland.mlt\/","article_modified_time":"2026-01-19T09:21:02+00:00","og_image":[{"width":2048,"height":1365,"url":"https:\/\/www.magicland-theatre.com\/wordpress\/wp-content\/uploads\/2022\/06\/IMG_4709.jpg","type":"image\/jpeg"}],"twitter_card":"summary_large_image","twitter_site":"@MagicLandMlt","twitter_misc":{"Dur\u00e9e de lecture estim\u00e9e":"3 minutes"},"schema":{"@context":"https:\/\/schema.org","@graph":[{"@type":"WebPage","@id":"https:\/\/www.magicland-theatre.com\/wordpress\/","url":"https:\/\/www.magicland-theatre.com\/wordpress\/","name":"Le Magic Land Th\u00e9\u00e2tre - Une seule devise le rire !","isPartOf":{"@id":"https:\/\/www.magicland-theatre.com\/wordpress\/#website"},"primaryImageOfPage":{"@id":"https:\/\/www.magicland-theatre.com\/wordpress\/#primaryimage"},"image":{"@id":"https:\/\/www.magicland-theatre.com\/wordpress\/#primaryimage"},"thumbnailUrl":"https:\/\/www.magicland-theatre.com\/wordpress\/wp-content\/uploads\/2022\/06\/IMG_4709.jpg","datePublished":"2013-05-03T12:52:38+00:00","dateModified":"2026-01-19T09:21:02+00:00","description":"La compagnie du Magic Land Th\u00e9\u00e2tre est au service du rire et de l'humour ! R\u00e9servation : 02\/245.50.64 ou www.magicland-theatre.com","breadcrumb":{"@id":"https:\/\/www.magicland-theatre.com\/wordpress\/#breadcrumb"},"inLanguage":"fr-FR","potentialAction":[{"@type":"ReadAction","target":["https:\/\/www.magicland-theatre.com\/wordpress\/"]}]},{"@type":"ImageObject","inLanguage":"fr-FR","@id":"https:\/\/www.magicland-theatre.com\/wordpress\/#primaryimage","url":"https:\/\/www.magicland-theatre.com\/wordpress\/wp-content\/uploads\/2022\/06\/IMG_4709.jpg","contentUrl":"https:\/\/www.magicland-theatre.com\/wordpress\/wp-content\/uploads\/2022\/06\/IMG_4709.jpg","width":2048,"height":1365},{"@type":"BreadcrumbList","@id":"https:\/\/www.magicland-theatre.com\/wordpress\/#breadcrumb","itemListElement":[{"@type":"ListItem","position":1,"name":"Homepage","item":"https:\/\/www.magicland-theatre.com\/wordpress\/"},{"@type":"ListItem","position":2,"name":"Homepage"}]},{"@type":"WebSite","@id":"https:\/\/www.magicland-theatre.com\/wordpress\/#website","url":"https:\/\/www.magicland-theatre.com\/wordpress\/","name":"Le Magic Land Th\u00e9\u00e2tre","description":"Une seule devise : le rire !","publisher":{"@id":"https:\/\/www.magicland-theatre.com\/wordpress\/#organization"},"potentialAction":[{"@type":"SearchAction","target":{"@type":"EntryPoint","urlTemplate":"https:\/\/www.magicland-theatre.com\/wordpress\/?s={search_term_string}"},"query-input":{"@type":"PropertyValueSpecification","valueRequired":true,"valueName":"search_term_string"}}],"inLanguage":"fr-FR"},{"@type":"Organization","@id":"https:\/\/www.magicland-theatre.com\/wordpress\/#organization","name":"Le Magic Land Th\u00e9\u00e2tre","url":"https:\/\/www.magicland-theatre.com\/wordpress\/","logo":{"@type":"ImageObject","inLanguage":"fr-FR","@id":"https:\/\/www.magicland-theatre.com\/wordpress\/#\/schema\/logo\/image\/","url":"https:\/\/www.magicland-theatre.com\/wordpress\/wp-content\/uploads\/2013\/05\/logo-debout.jpg","contentUrl":"https:\/\/www.magicland-theatre.com\/wordpress\/wp-content\/uploads\/2013\/05\/logo-debout.jpg","width":591,"height":843,"caption":"Le Magic Land Th\u00e9\u00e2tre"},"image":{"@id":"https:\/\/www.magicland-theatre.com\/wordpress\/#\/schema\/logo\/image\/"},"sameAs":["https:\/\/www.facebook.com\/magicland.mlt\/","https:\/\/x.com\/MagicLandMlt","https:\/\/www.instagram.com\/magiclandtheatre\/","https:\/\/www.linkedin.com\/in\/magic-land-thtre-35a04a6a?trk=hp-identity-name","https:\/\/www.youtube.com\/channel\/UCh1EgBwX4wwlnXsK4xQXBEw"]}]}},"_links":{"self":[{"href":"https:\/\/www.magicland-theatre.com\/wordpress\/wp-json\/wp\/v2\/pages\/219","targetHints":{"allow":["GET"]}}],"collection":[{"href":"https:\/\/www.magicland-theatre.com\/wordpress\/wp-json\/wp\/v2\/pages"}],"about":[{"href":"https:\/\/www.magicland-theatre.com\/wordpress\/wp-json\/wp\/v2\/types\/page"}],"author":[{"embeddable":true,"href":"https:\/\/www.magicland-theatre.com\/wordpress\/wp-json\/wp\/v2\/users\/2"}],"replies":[{"embeddable":true,"href":"https:\/\/www.magicland-theatre.com\/wordpress\/wp-json\/wp\/v2\/comments?post=219"}],"version-history":[{"count":430,"href":"https:\/\/www.magicland-theatre.com\/wordpress\/wp-json\/wp\/v2\/pages\/219\/revisions"}],"predecessor-version":[{"id":9650,"href":"https:\/\/www.magicland-theatre.com\/wordpress\/wp-json\/wp\/v2\/pages\/219\/revisions\/9650"}],"wp:featuredmedia":[{"embeddable":true,"href":"https:\/\/www.magicland-theatre.com\/wordpress\/wp-json\/wp\/v2\/media\/6360"}],"wp:attachment":[{"href":"https:\/\/www.magicland-theatre.com\/wordpress\/wp-json\/wp\/v2\/media?parent=219"}],"curies":[{"name":"wp","href":"https:\/\/api.w.org\/{rel}","templated":true}]}}