{"id":1026,"date":"2013-09-25T13:07:49","date_gmt":"2013-09-25T11:07:49","guid":{"rendered":"http:\/\/www.magicland-theatre.com\/wordpress\/?page_id=1026"},"modified":"2016-06-20T18:14:02","modified_gmt":"2016-06-20T16:14:02","slug":"sophie-dhondt","status":"publish","type":"page","link":"https:\/\/www.magicland-theatre.com\/wordpress\/sophie-dhondt\/","title":{"rendered":"Sophie D&rsquo;Hondt"},"content":{"rendered":"<p>[et_pb_section admin_label=\u00a0\u00bbsection\u00a0\u00bb][et_pb_row admin_label=\u00a0\u00bbrow\u00a0\u00bb][et_pb_column type=\u00a0\u00bb4_4&Prime;][et_pb_text admin_label=\u00a0\u00bbTexte\u00a0\u00bb background_layout=\u00a0\u00bblight\u00a0\u00bb text_orientation=\u00a0\u00bbleft\u00a0\u00bb use_border_color=\u00a0\u00bboff\u00a0\u00bb border_color=\u00a0\u00bb#ffffff\u00a0\u00bb border_style=\u00a0\u00bbsolid\u00a0\u00bb]<\/p>\n<h2>Sophie D&rsquo;Hondt<\/h2>\n<p>En terminant le conservatoire, Sophie D\u2019Hondt \u00e9tait loin de se douter que son chemin la m\u00e8nerait vers le Magic land Th\u00e9\u00e2tre.\u00a0 Longtemps confin\u00e9e aux r\u00f4les de trag\u00e9dienne, elle se d\u00e9couvre un talent comique au contact de la compagnie.\u00a0 Elle cr\u00e9e au Magic Land\u00a0 Th\u00e9\u00e2tre, un premier spectacle \u00e9crit et mis en sc\u00e8ne par Patrick Chaboud\u00a0: \u00ab\u00a0Deux petites perles\u00a0\u00bb o\u00f9 elle partage la sc\u00e8ne avec sa s\u0153ur Val\u00e9rie D\u2019Hondt.\u00a0\u00a0 Avec \u00ab\u00a0Les mutin\u00e9s du Fish and Ship\u00a0\u00bb, elle int\u00e8gre la compagnie de mani\u00e8re plus durable.<b>\u00a0<\/b><\/p>\n<p>[\/et_pb_text][et_pb_gallery admin_label=\u00a0\u00bbGalerie\u00a0\u00bb gallery_ids=\u00a0\u00bb2440,811,788,684,675&Prime; fullwidth=\u00a0\u00bbon\u00a0\u00bb show_title_and_caption=\u00a0\u00bbon\u00a0\u00bb show_pagination=\u00a0\u00bbon\u00a0\u00bb background_layout=\u00a0\u00bblight\u00a0\u00bb auto=\u00a0\u00bboff\u00a0\u00bb hover_overlay_color=\u00a0\u00bbrgba(255,255,255,0.9)\u00a0\u00bb caption_all_caps=\u00a0\u00bboff\u00a0\u00bb use_border_color=\u00a0\u00bboff\u00a0\u00bb border_color=\u00a0\u00bb#ffffff\u00a0\u00bb border_style=\u00a0\u00bbsolid\u00a0\u00bb \/][\/et_pb_column][\/et_pb_row][\/et_pb_section]<\/p>\n","protected":false},"excerpt":{"rendered":"<p>Sophie D&rsquo;Hondt En terminant le conservatoire, Sophie D\u2019Hondt \u00e9tait loin de se douter que son chemin la m\u00e8nerait vers le Magic land Th\u00e9\u00e2tre.\u00a0 Longtemps confin\u00e9e aux r\u00f4les de trag\u00e9dienne, elle [&hellip;]<\/p>\n","protected":false},"author":2,"featured_media":0,"parent":0,"menu_order":0,"comment_status":"closed","ping_status":"open","template":"","meta":{"_et_pb_use_builder":"on","_et_pb_old_content":"<p>En terminant le conservatoire, Sophie D\u2019Hondt \u00e9tait loin de se douter que son chemin la m\u00e8nerait vers le Magic land Th\u00e9\u00e2tre.\u00a0 Longtemps confin\u00e9e aux r\u00f4les de trag\u00e9dienne, elle se d\u00e9couvre un talent comique au contact de la compagnie.\u00a0 Elle cr\u00e9e au Magic Land\u00a0 Th\u00e9\u00e2tre, un premier spectacle \u00e9crit et mis en sc\u00e8ne par Patrick Chaboud\u00a0: \u00ab\u00a0Deux petites perles\u00a0\u00bb o\u00f9 elle partage la sc\u00e8ne avec sa s\u0153ur Val\u00e9rie D\u2019Hondt.\u00a0\u00a0 Avec \u00ab\u00a0Les mutin\u00e9s du Fish and Ship\u00a0\u00bb, elle int\u00e8gre la compagnie de mani\u00e8re plus durable.<\/p><p>[gallery columns=\"6\" ids=\"811,801,795,788,684,675\"]<\/p><p align=\"center\"><b>\u00a0<\/b><\/p><p align=\"center\"><b>\u00a0<\/b><\/p>","_et_gb_content_width":"","footnotes":""},"class_list":["post-1026","page","type-page","status-publish","hentry"],"yoast_head":"<!-- This site is optimized with the Yoast SEO plugin v26.6 - https:\/\/yoast.com\/wordpress\/plugins\/seo\/ -->\n<title>Sophie D&#039;Hondt<\/title>\n<meta name=\"robots\" content=\"index, follow, max-snippet:-1, max-image-preview:large, max-video-preview:-1\" \/>\n<link rel=\"canonical\" href=\"https:\/\/www.magicland-theatre.com\/wordpress\/sophie-dhondt\/\" \/>\n<meta property=\"og:locale\" content=\"fr_FR\" \/>\n<meta property=\"og:type\" content=\"article\" \/>\n<meta property=\"og:title\" content=\"Sophie D&#039;Hondt\" \/>\n<meta property=\"og:url\" content=\"https:\/\/www.magicland-theatre.com\/wordpress\/sophie-dhondt\/\" \/>\n<meta property=\"og:site_name\" content=\"Le Magic Land Th\u00e9\u00e2tre\" \/>\n<meta property=\"article:publisher\" content=\"https:\/\/www.facebook.com\/magicland.mlt\/\" \/>\n<meta property=\"article:modified_time\" content=\"2016-06-20T16:14:02+00:00\" \/>\n<meta property=\"og:image\" content=\"https:\/\/www.magicland-theatre.com\/wordpress\/wp-content\/uploads\/2013\/05\/logo-debout.jpg\" \/>\n\t<meta property=\"og:image:width\" content=\"591\" \/>\n\t<meta property=\"og:image:height\" content=\"843\" \/>\n\t<meta property=\"og:image:type\" content=\"image\/jpeg\" \/>\n<meta name=\"twitter:card\" content=\"summary_large_image\" \/>\n<meta name=\"twitter:site\" content=\"@MagicLandMlt\" \/>\n<meta name=\"twitter:label1\" content=\"Dur\u00e9e de lecture estim\u00e9e\" \/>\n\t<meta name=\"twitter:data1\" content=\"1 minute\" \/>\n<script type=\"application\/ld+json\" class=\"yoast-schema-graph\">{\"@context\":\"https:\/\/schema.org\",\"@graph\":[{\"@type\":\"WebPage\",\"@id\":\"https:\/\/www.magicland-theatre.com\/wordpress\/sophie-dhondt\/\",\"url\":\"https:\/\/www.magicland-theatre.com\/wordpress\/sophie-dhondt\/\",\"name\":\"Sophie D'Hondt\",\"isPartOf\":{\"@id\":\"https:\/\/www.magicland-theatre.com\/wordpress\/#website\"},\"datePublished\":\"2013-09-25T11:07:49+00:00\",\"dateModified\":\"2016-06-20T16:14:02+00:00\",\"breadcrumb\":{\"@id\":\"https:\/\/www.magicland-theatre.com\/wordpress\/sophie-dhondt\/#breadcrumb\"},\"inLanguage\":\"fr-FR\",\"potentialAction\":[{\"@type\":\"ReadAction\",\"target\":[\"https:\/\/www.magicland-theatre.com\/wordpress\/sophie-dhondt\/\"]}]},{\"@type\":\"BreadcrumbList\",\"@id\":\"https:\/\/www.magicland-theatre.com\/wordpress\/sophie-dhondt\/#breadcrumb\",\"itemListElement\":[{\"@type\":\"ListItem\",\"position\":1,\"name\":\"Homepage\",\"item\":\"https:\/\/www.magicland-theatre.com\/wordpress\/\"},{\"@type\":\"ListItem\",\"position\":2,\"name\":\"Sophie D&rsquo;Hondt\"}]},{\"@type\":\"WebSite\",\"@id\":\"https:\/\/www.magicland-theatre.com\/wordpress\/#website\",\"url\":\"https:\/\/www.magicland-theatre.com\/wordpress\/\",\"name\":\"Le Magic Land Th\u00e9\u00e2tre\",\"description\":\"Une seule devise : le rire !\",\"publisher\":{\"@id\":\"https:\/\/www.magicland-theatre.com\/wordpress\/#organization\"},\"potentialAction\":[{\"@type\":\"SearchAction\",\"target\":{\"@type\":\"EntryPoint\",\"urlTemplate\":\"https:\/\/www.magicland-theatre.com\/wordpress\/?s={search_term_string}\"},\"query-input\":{\"@type\":\"PropertyValueSpecification\",\"valueRequired\":true,\"valueName\":\"search_term_string\"}}],\"inLanguage\":\"fr-FR\"},{\"@type\":\"Organization\",\"@id\":\"https:\/\/www.magicland-theatre.com\/wordpress\/#organization\",\"name\":\"Le Magic Land Th\u00e9\u00e2tre\",\"url\":\"https:\/\/www.magicland-theatre.com\/wordpress\/\",\"logo\":{\"@type\":\"ImageObject\",\"inLanguage\":\"fr-FR\",\"@id\":\"https:\/\/www.magicland-theatre.com\/wordpress\/#\/schema\/logo\/image\/\",\"url\":\"https:\/\/www.magicland-theatre.com\/wordpress\/wp-content\/uploads\/2013\/05\/logo-debout.jpg\",\"contentUrl\":\"https:\/\/www.magicland-theatre.com\/wordpress\/wp-content\/uploads\/2013\/05\/logo-debout.jpg\",\"width\":591,\"height\":843,\"caption\":\"Le Magic Land Th\u00e9\u00e2tre\"},\"image\":{\"@id\":\"https:\/\/www.magicland-theatre.com\/wordpress\/#\/schema\/logo\/image\/\"},\"sameAs\":[\"https:\/\/www.facebook.com\/magicland.mlt\/\",\"https:\/\/x.com\/MagicLandMlt\",\"https:\/\/www.instagram.com\/magiclandtheatre\/\",\"https:\/\/www.linkedin.com\/in\/magic-land-thtre-35a04a6a?trk=hp-identity-name\",\"https:\/\/www.youtube.com\/channel\/UCh1EgBwX4wwlnXsK4xQXBEw\"]}]}<\/script>\n<!-- \/ Yoast SEO plugin. -->","yoast_head_json":{"title":"Sophie D'Hondt","robots":{"index":"index","follow":"follow","max-snippet":"max-snippet:-1","max-image-preview":"max-image-preview:large","max-video-preview":"max-video-preview:-1"},"canonical":"https:\/\/www.magicland-theatre.com\/wordpress\/sophie-dhondt\/","og_locale":"fr_FR","og_type":"article","og_title":"Sophie D'Hondt","og_url":"https:\/\/www.magicland-theatre.com\/wordpress\/sophie-dhondt\/","og_site_name":"Le Magic Land Th\u00e9\u00e2tre","article_publisher":"https:\/\/www.facebook.com\/magicland.mlt\/","article_modified_time":"2016-06-20T16:14:02+00:00","og_image":[{"width":591,"height":843,"url":"https:\/\/www.magicland-theatre.com\/wordpress\/wp-content\/uploads\/2013\/05\/logo-debout.jpg","type":"image\/jpeg"}],"twitter_card":"summary_large_image","twitter_site":"@MagicLandMlt","twitter_misc":{"Dur\u00e9e de lecture estim\u00e9e":"1 minute"},"schema":{"@context":"https:\/\/schema.org","@graph":[{"@type":"WebPage","@id":"https:\/\/www.magicland-theatre.com\/wordpress\/sophie-dhondt\/","url":"https:\/\/www.magicland-theatre.com\/wordpress\/sophie-dhondt\/","name":"Sophie D'Hondt","isPartOf":{"@id":"https:\/\/www.magicland-theatre.com\/wordpress\/#website"},"datePublished":"2013-09-25T11:07:49+00:00","dateModified":"2016-06-20T16:14:02+00:00","breadcrumb":{"@id":"https:\/\/www.magicland-theatre.com\/wordpress\/sophie-dhondt\/#breadcrumb"},"inLanguage":"fr-FR","potentialAction":[{"@type":"ReadAction","target":["https:\/\/www.magicland-theatre.com\/wordpress\/sophie-dhondt\/"]}]},{"@type":"BreadcrumbList","@id":"https:\/\/www.magicland-theatre.com\/wordpress\/sophie-dhondt\/#breadcrumb","itemListElement":[{"@type":"ListItem","position":1,"name":"Homepage","item":"https:\/\/www.magicland-theatre.com\/wordpress\/"},{"@type":"ListItem","position":2,"name":"Sophie D&rsquo;Hondt"}]},{"@type":"WebSite","@id":"https:\/\/www.magicland-theatre.com\/wordpress\/#website","url":"https:\/\/www.magicland-theatre.com\/wordpress\/","name":"Le Magic Land Th\u00e9\u00e2tre","description":"Une seule devise : le rire !","publisher":{"@id":"https:\/\/www.magicland-theatre.com\/wordpress\/#organization"},"potentialAction":[{"@type":"SearchAction","target":{"@type":"EntryPoint","urlTemplate":"https:\/\/www.magicland-theatre.com\/wordpress\/?s={search_term_string}"},"query-input":{"@type":"PropertyValueSpecification","valueRequired":true,"valueName":"search_term_string"}}],"inLanguage":"fr-FR"},{"@type":"Organization","@id":"https:\/\/www.magicland-theatre.com\/wordpress\/#organization","name":"Le Magic Land Th\u00e9\u00e2tre","url":"https:\/\/www.magicland-theatre.com\/wordpress\/","logo":{"@type":"ImageObject","inLanguage":"fr-FR","@id":"https:\/\/www.magicland-theatre.com\/wordpress\/#\/schema\/logo\/image\/","url":"https:\/\/www.magicland-theatre.com\/wordpress\/wp-content\/uploads\/2013\/05\/logo-debout.jpg","contentUrl":"https:\/\/www.magicland-theatre.com\/wordpress\/wp-content\/uploads\/2013\/05\/logo-debout.jpg","width":591,"height":843,"caption":"Le Magic Land Th\u00e9\u00e2tre"},"image":{"@id":"https:\/\/www.magicland-theatre.com\/wordpress\/#\/schema\/logo\/image\/"},"sameAs":["https:\/\/www.facebook.com\/magicland.mlt\/","https:\/\/x.com\/MagicLandMlt","https:\/\/www.instagram.com\/magiclandtheatre\/","https:\/\/www.linkedin.com\/in\/magic-land-thtre-35a04a6a?trk=hp-identity-name","https:\/\/www.youtube.com\/channel\/UCh1EgBwX4wwlnXsK4xQXBEw"]}]}},"_links":{"self":[{"href":"https:\/\/www.magicland-theatre.com\/wordpress\/wp-json\/wp\/v2\/pages\/1026","targetHints":{"allow":["GET"]}}],"collection":[{"href":"https:\/\/www.magicland-theatre.com\/wordpress\/wp-json\/wp\/v2\/pages"}],"about":[{"href":"https:\/\/www.magicland-theatre.com\/wordpress\/wp-json\/wp\/v2\/types\/page"}],"author":[{"embeddable":true,"href":"https:\/\/www.magicland-theatre.com\/wordpress\/wp-json\/wp\/v2\/users\/2"}],"replies":[{"embeddable":true,"href":"https:\/\/www.magicland-theatre.com\/wordpress\/wp-json\/wp\/v2\/comments?post=1026"}],"version-history":[{"count":3,"href":"https:\/\/www.magicland-theatre.com\/wordpress\/wp-json\/wp\/v2\/pages\/1026\/revisions"}],"predecessor-version":[{"id":2991,"href":"https:\/\/www.magicland-theatre.com\/wordpress\/wp-json\/wp\/v2\/pages\/1026\/revisions\/2991"}],"wp:attachment":[{"href":"https:\/\/www.magicland-theatre.com\/wordpress\/wp-json\/wp\/v2\/media?parent=1026"}],"curies":[{"name":"wp","href":"https:\/\/api.w.org\/{rel}","templated":true}]}}